{"id":12332,"date":"2024-02-14T16:16:45","date_gmt":"2024-02-14T19:16:45","guid":{"rendered":"https:\/\/www.tjsp.jus.br\/moodle\/?page_id=12332"},"modified":"2025-11-05T13:39:24","modified_gmt":"2025-11-05T16:39:24","slug":"tutorial","status":"publish","type":"page","link":"https:\/\/www.tjsp.jus.br\/moodle\/?page_id=12332","title":{"rendered":"Tutorial"},"content":{"rendered":"<p style=\"color: black;\">\n  <strong>Veja como navegar no Portal de Educa\u00e7\u00e3o Corporativa &#8211; TJSP<\/strong>\n<\/p>\n<p><video width=\"1920\" height=\"1080\" autoplay muted controls><source src=\"https:\/\/www.tjsp.jus.br\/moodle\/static\/comum\/videos\/AMBIENTACAO-MOODLE.mp4\" type=\"video\/mp4\">Seu navegador n\u00e3o suporta v\u00eddeos HTML5.<\/video><\/p>\n","protected":false},"excerpt":{"rendered":"<p>Veja como navegar no Portal de Educa\u00e7\u00e3o Corporativa &#8211; TJSP Seu navegador n\u00e3o suporta v\u00eddeos HTML5.<\/p>\n","protected":false},"author":2,"featured_media":0,"parent":0,"menu_order":0,"comment_status":"closed","ping_status":"closed","template":"","meta":{"footnotes":""},"class_list":["post-12332","page","type-page","status-publish","hentry"],"_links":{"self":[{"href":"https:\/\/www.tjsp.jus.br\/moodle\/index.php?rest_route=\/wp\/v2\/pages\/12332","targetHints":{"allow":["GET"]}}],"collection":[{"href":"https:\/\/www.tjsp.jus.br\/moodle\/index.php?rest_route=\/wp\/v2\/pages"}],"about":[{"href":"https:\/\/www.tjsp.jus.br\/moodle\/index.php?rest_route=\/wp\/v2\/types\/page"}],"author":[{"embeddable":true,"href":"https:\/\/www.tjsp.jus.br\/moodle\/index.php?rest_route=\/wp\/v2\/users\/2"}],"replies":[{"embeddable":true,"href":"https:\/\/www.tjsp.jus.br\/moodle\/index.php?rest_route=%2Fwp%2Fv2%2Fcomments&post=12332"}],"version-history":[{"count":14,"href":"https:\/\/www.tjsp.jus.br\/moodle\/index.php?rest_route=\/wp\/v2\/pages\/12332\/revisions"}],"predecessor-version":[{"id":14477,"href":"https:\/\/www.tjsp.jus.br\/moodle\/index.php?rest_route=\/wp\/v2\/pages\/12332\/revisions\/14477"}],"wp:attachment":[{"href":"https:\/\/www.tjsp.jus.br\/moodle\/index.php?rest_route=%2Fwp%2Fv2%2Fmedia&parent=12332"}],"curies":[{"name":"wp","href":"https:\/\/api.w.org\/{rel}","templated":true}]}}