{"id":13373,"date":"2025-04-09T18:52:12","date_gmt":"2025-04-09T21:52:12","guid":{"rendered":"https:\/\/www.tjsp.jus.br\/moodle\/?page_id=13373"},"modified":"2026-01-26T12:50:40","modified_gmt":"2026-01-26T15:50:40","slug":"trilhas","status":"publish","type":"page","link":"https:\/\/www.tjsp.jus.br\/moodle\/?page_id=13373","title":{"rendered":"Trilhas de Forma\u00e7\u00e3o e Aperfei\u00e7oamento"},"content":{"rendered":"<p style=\"color: black;\">As Trilhas de Forma\u00e7\u00e3o e Aperfei\u00e7oamento, regulamentadas pela <a href=\"https:\/\/esaj.tjsp.jus.br\/gcn-frontend-vue\/legislacao\/find\/237747\">Portaria n\u00ba 10.628\/2025<\/a> e <a href=\"https:\/\/esaj.tjsp.jus.br\/gcn-frontend-vue\/legislacao\/find\/237755\">Comunicado SGP n\u00ba 183\/2025<\/a>, foram desenvolvidas para apoiar os servidores do TJSP em sua jornada profissional. Re\u00fanem conte\u00fados essenciais para o desempenho das fun\u00e7\u00f5es, organizados conforme o perfil de atua\u00e7\u00e3o, lota\u00e7\u00e3o ou momento da carreira. Seja no in\u00edcio da jornada, em uma nova unidade ou assumindo um cargo de gest\u00e3o, as trilhas indicam o caminho formativo mais adequado para desenvolver compet\u00eancias e garantir um desempenho eficiente.<\/p>\n<hr \/>\n<h4>Forma\u00e7\u00e3o Fundamental e Gerencial<\/h4>\n<table>\n<tbody>\n<tr>\n<td><a href=\"https:\/\/www.tjsp.jus.br\/moodle\/?page_id=13868\"><img decoding=\"async\" src=\"https:\/\/www.tjsp.jus.br\/moodle\/wp-content\/uploads\/2025\/10\/00.png\" alt=\"Administrativo\" \/><\/a><\/td>\n<td><a href=\"https:\/\/www.tjsp.jus.br\/moodle\/?page_id=13919\"><img decoding=\"async\" src=\"https:\/\/www.tjsp.jus.br\/moodle\/wp-content\/uploads\/2025\/10\/01.png\" alt=\"Cartorio - 1 Grau\" \/><\/a><\/td>\n<td><a href=\"https:\/\/www.tjsp.jus.br\/moodle\/?page_id=13991\"><img decoding=\"async\" src=\"https:\/\/www.tjsp.jus.br\/moodle\/wp-content\/uploads\/2025\/10\/02.png\" alt=\"Cartorio - 2 Grau\" \/><\/a><\/td>\n<\/tr>\n<tr>\n<td><a href=\"https:\/\/www.tjsp.jus.br\/moodle\/?page_id=14039\"><img decoding=\"async\" src=\"https:\/\/www.tjsp.jus.br\/moodle\/wp-content\/uploads\/2025\/10\/03.png\" alt=\"Gabinete - 1 Grau\" \/><\/a><\/td>\n<td><a href=\"https:\/\/www.tjsp.jus.br\/moodle\/?page_id=14069\"><img decoding=\"async\" src=\"https:\/\/www.tjsp.jus.br\/moodle\/wp-content\/uploads\/2025\/10\/04.png\" alt=\"Gabinete - 2 Grau\" \/><\/a><\/td>\n<td><a href=\"https:\/\/www.tjsp.jus.br\/moodle\/?page_id=14141\"><img decoding=\"async\" src=\"https:\/\/www.tjsp.jus.br\/moodle\/wp-content\/uploads\/2025\/10\/05.png\" alt=\"Setor Tecnico\" \/><\/a><\/td>\n<\/tr>\n<tr>\n<td><a href=\"https:\/\/www.tjsp.jus.br\/moodle\/?page_id=14117\"><img decoding=\"async\" src=\"https:\/\/www.tjsp.jus.br\/moodle\/wp-content\/uploads\/2025\/10\/06.png\" alt=\"Colegio Recursal\" \/><\/a><\/td>\n<td><a href=\"https:\/\/www.tjsp.jus.br\/moodle\/?page_id=14174\"><img loading=\"lazy\" decoding=\"async\" class=\"alignnone wp-image-14699 size-full\" src=\"https:\/\/www.tjsp.jus.br\/moodle\/wp-content\/uploads\/2025\/11\/Central-de-Mandados-e-Oficiais-de-Justica.jpg\" alt=\"Central de Mandados e Oficiais de Justi\u00e7a\" width=\"400\" height=\"150\" srcset=\"https:\/\/www.tjsp.jus.br\/moodle\/wp-content\/uploads\/2025\/11\/Central-de-Mandados-e-Oficiais-de-Justica.jpg 400w, https:\/\/www.tjsp.jus.br\/moodle\/wp-content\/uploads\/2025\/11\/Central-de-Mandados-e-Oficiais-de-Justica-300x113.jpg 300w\" sizes=\"auto, (max-width: 400px) 100vw, 400px\" \/><\/a><\/td>\n<td><\/td>\n<\/tr>\n<\/tbody>\n<\/table>\n<h4>Inicia\u00e7\u00e3o Funcional<\/h4>\n<table>\n<tbody>\n<tr>\n<td><a href=\"https:\/\/www.tjsp.jus.br\/moodle\/?page_id=14189\"><img loading=\"lazy\" decoding=\"async\" class=\"alignleft wp-image-14519 size-full\" src=\"https:\/\/www.tjsp.jus.br\/moodle\/wp-content\/uploads\/2025\/11\/10-DESKTOP-ICO0S95.png\" alt=\"Inicia\u00e7\u00e3o Funcional\" width=\"379\" height=\"143\" srcset=\"https:\/\/www.tjsp.jus.br\/moodle\/wp-content\/uploads\/2025\/11\/10-DESKTOP-ICO0S95.png 400w, https:\/\/www.tjsp.jus.br\/moodle\/wp-content\/uploads\/2025\/11\/10-DESKTOP-ICO0S95-300x113.png 300w\" sizes=\"auto, (max-width: 379px) 100vw, 379px\" \/><\/a><\/td>\n<td><\/td>\n<td><\/td>\n<\/tr>\n<\/tbody>\n<\/table>\n<h4>Aposentadoria<\/h4>\n<table>\n<tbody>\n<tr>\n<td><a href=\"https:\/\/www.tjsp.jus.br\/moodle\/?page_id=14210\"><img loading=\"lazy\" decoding=\"async\" src=\"https:\/\/www.tjsp.jus.br\/moodle\/wp-content\/uploads\/2025\/10\/11.jpg\" alt=\"Aposentadoria\" width=\"379\" height=\"143\" \/><\/a><\/td>\n<td><\/td>\n<td><\/td>\n<\/tr>\n<\/tbody>\n<\/table>\n","protected":false},"excerpt":{"rendered":"<p>As Trilhas de Forma\u00e7\u00e3o e Aperfei\u00e7oamento, regulamentadas pela Portaria n\u00ba 10.628\/2025 e Comunicado SGP n\u00ba 183\/2025, foram desenvolvidas para apoiar os servidores do TJSP em sua jornada profissional. Re\u00fanem conte\u00fados essenciais para o desempenho das fun\u00e7\u00f5es, organizados conforme o perfil de atua\u00e7\u00e3o, lota\u00e7\u00e3o ou momento da carreira. Seja no in\u00edcio da jornada, em uma nova&hellip; <br \/> <a class=\"read-more\" href=\"https:\/\/www.tjsp.jus.br\/moodle\/?page_id=13373\">Leia mais<\/a><\/p>\n","protected":false},"author":2,"featured_media":14420,"parent":0,"menu_order":0,"comment_status":"closed","ping_status":"closed","template":"","meta":{"footnotes":""},"class_list":["post-13373","page","type-page","status-publish","has-post-thumbnail","hentry"],"_links":{"self":[{"href":"https:\/\/www.tjsp.jus.br\/moodle\/index.php?rest_route=\/wp\/v2\/pages\/13373","targetHints":{"allow":["GET"]}}],"collection":[{"href":"https:\/\/www.tjsp.jus.br\/moodle\/index.php?rest_route=\/wp\/v2\/pages"}],"about":[{"href":"https:\/\/www.tjsp.jus.br\/moodle\/index.php?rest_route=\/wp\/v2\/types\/page"}],"author":[{"embeddable":true,"href":"https:\/\/www.tjsp.jus.br\/moodle\/index.php?rest_route=\/wp\/v2\/users\/2"}],"replies":[{"embeddable":true,"href":"https:\/\/www.tjsp.jus.br\/moodle\/index.php?rest_route=%2Fwp%2Fv2%2Fcomments&post=13373"}],"version-history":[{"count":71,"href":"https:\/\/www.tjsp.jus.br\/moodle\/index.php?rest_route=\/wp\/v2\/pages\/13373\/revisions"}],"predecessor-version":[{"id":14795,"href":"https:\/\/www.tjsp.jus.br\/moodle\/index.php?rest_route=\/wp\/v2\/pages\/13373\/revisions\/14795"}],"wp:featuredmedia":[{"embeddable":true,"href":"https:\/\/www.tjsp.jus.br\/moodle\/index.php?rest_route=\/wp\/v2\/media\/14420"}],"wp:attachment":[{"href":"https:\/\/www.tjsp.jus.br\/moodle\/index.php?rest_route=%2Fwp%2Fv2%2Fmedia&parent=13373"}],"curies":[{"name":"wp","href":"https:\/\/api.w.org\/{rel}","templated":true}]}}