{"id":13868,"date":"2025-10-30T18:19:34","date_gmt":"2025-10-30T21:19:34","guid":{"rendered":"https:\/\/www.tjsp.jus.br\/moodle\/?page_id=13868"},"modified":"2025-11-06T16:07:36","modified_gmt":"2025-11-06T19:07:36","slug":"administrativo","status":"publish","type":"page","link":"https:\/\/www.tjsp.jus.br\/moodle\/?page_id=13868","title":{"rendered":"Trilha &#8211; Administrativo"},"content":{"rendered":"<h3><strong>SERVIDORES<br \/>\n<\/strong><\/h3>\n<hr \/>\n<p style=\"color: black;\"><strong><span style=\"color: #630691;\">Objetivo da Trilha<br \/>\n<\/span><\/strong>Oferecer um percurso formativo b\u00e1sico para servidores(as) em \u00e1reas administrativas do TJSP, com foco em rotinas internas, sistemas de apoio e pr\u00e1ticas essenciais.<\/p>\n<p style=\"color: black;\"><span style=\"color: #630691;\"><strong>P\u00fablico-alvo<br \/>\n<\/strong><\/span>Servidores(as) que:<\/p>\n<ol>\n<li style=\"list-style-type: none;\">\n<p style=\"color: black;\">\u2022 Est\u00e3o iniciando na \u00e1rea administrativa<\/p>\n<\/li>\n<li style=\"list-style-type: none;\">\n<p style=\"color: black;\">\u2022 Foram movimentados(as) para setores administrativos do TJSP<\/p>\n<\/li>\n<li style=\"list-style-type: none;\">\n<p style=\"color: black;\">\u2022 Atuam em apoio \u00e0 gest\u00e3o administrativa de unidades ou setores<\/p>\n<\/li>\n<\/ol>\n<p style=\"color: black;\"><span style=\"color: #630691;\"><strong>Conte\u00fado<\/strong><\/span><\/p>\n<ol>\n<li style=\"list-style-type: none;\">\n<p style=\"color: black;\">\u2022 MANUAL DO SERVIDOR PARA ASSUNTOS ADMINISTRATIVOS<\/p>\n<\/li>\n<li style=\"list-style-type: none;\">\n<p style=\"color: black;\">\u2022 FERRAMENTAS MICROSOFT &#8211; OUTLOOK<\/p>\n<\/li>\n<li style=\"list-style-type: none;\">\n<p style=\"color: black;\">\u2022 FERRAMENTAS MICROSOFT &#8211; ONEDRIVE<\/p>\n<\/li>\n<li style=\"list-style-type: none;\">\n<p style=\"color: black;\">\u2022 AVALIA\u00c7\u00c3O ESPECIAL DE DESEMPENHO PARA FINS DE EST\u00c1GIO PROBAT\u00d3RIO &#8211; AVALIADO<\/p>\n<\/li>\n<li style=\"list-style-type: none;\">\n<p style=\"color: black;\">\u2022 AVALIA\u00c7\u00c3O DE DESEMPENHO &#8211; AVALIADO<\/p>\n<\/li>\n<li style=\"list-style-type: none;\">\n<p style=\"color: black;\">\u2022 EXCEL &#8211; M\u00d3DULO I<\/p>\n<\/li>\n<li style=\"list-style-type: none;\">\n<p style=\"color: black;\">\u2022 SISTEMAS ADMINISTRATIVOS &#8211; SAJADM &#8211; CPA<\/p>\n<\/li>\n<li style=\"list-style-type: none;\">\n<p style=\"color: black;\">\u2022 SISTEMAS ADMINISTRATIVOS &#8211; H\u00d3LOS<\/p>\n<\/li>\n<li style=\"list-style-type: none;\">\n<p style=\"color: black;\">\u2022 MICROSOFT WORD DESKTOP<\/p>\n<\/li>\n<li style=\"list-style-type: none;\">\n<p style=\"color: black;\">\u2022 MICROSOFT WORD ONLINE<\/p>\n<\/li>\n<li style=\"list-style-type: none;\">\n<p style=\"color: black;\">\u2022 T\u00c9CNICAS DE REDA\u00c7\u00c3O<\/p>\n<\/li>\n<li style=\"list-style-type: none;\">\n<p style=\"color: black;\">\u2022 LINGUAGEM SIMPLES<\/p>\n<\/li>\n<li style=\"list-style-type: none;\">\n<p style=\"color: black;\">\u2022 ATENDIMENTO AO P\u00daBLICO<\/p>\n<\/li>\n<\/ol>\n<p style=\"text-align: center;\"><a href=\"https:\/\/www.tjsp.jus.br\/moodle\/livre\/course\/view.php?id=1083\" target=\"_blank\" rel=\"noopener\"><img loading=\"lazy\" decoding=\"async\" class=\"alignnone size-full wp-image-14015\" src=\"https:\/\/www.tjsp.jus.br\/moodle\/wp-content\/uploads\/2025\/10\/rosa.png\" alt=\"\" width=\"250\" height=\"70\" \/><\/a><\/p>\n<h3><strong>GESTORES<br \/>\n<\/strong><\/h3>\n<hr \/>\n<p style=\"color: black;\"><span style=\"color: #630691;\"><strong>Objetivo da Trilha<br \/>\n<\/strong><\/span>Oferecer um percurso formativo estrat\u00e9gico para gestores(as) lotados em unidades administrativas do TJSP, com foco no desenvolvimento de compet\u00eancias t\u00e9cnicas, comportamentais e gerenciais voltadas \u00e0 lideran\u00e7a de equipes, \u00e0 gest\u00e3o eficiente de processos administrativos, ao uso dos sistemas institucionais e \u00e0 promo\u00e7\u00e3o da qualidade, da conformidade e da inova\u00e7\u00e3o na presta\u00e7\u00e3o de servi\u00e7os internos.<\/p>\n<p style=\"color: black;\"><span style=\"color: #630691;\"><strong>P\u00fablico-alvo<br \/>\n<\/strong><\/span>Gestores(as) que:<\/p>\n<ol>\n<li style=\"list-style-type: none;\">\n<p style=\"color: black;\">\u2022 Est\u00e3o iniciando em cargos de gest\u00e3o na \u00e1rea administrativa<\/p>\n<\/li>\n<li style=\"list-style-type: none;\">\n<p style=\"color: black;\">\u2022 Atuam em apoio \u00e0 gest\u00e3o administrativa de unidades ou setores<\/p>\n<\/li>\n<\/ol>\n<p style=\"color: black;\"><span style=\"color: #630691;\"><strong>Conte\u00fado:<\/strong><\/span><\/p>\n<ol>\n<li style=\"list-style-type: none;\">\n<p style=\"color: black;\">\u2022 MANUAL DO SERVIDOR PARA ASSUNTOS ADMINISTRATIVOS<\/p>\n<\/li>\n<li style=\"list-style-type: none;\">\n<p style=\"color: black;\">\u2022 FERRAMENTAS MICROSOFT &#8211; OUTLOOK<\/p>\n<\/li>\n<li style=\"list-style-type: none;\">\n<p style=\"color: black;\">\u2022 FERRAMENTAS MICROSOFT &#8211; ONEDRIVE<\/p>\n<\/li>\n<li style=\"list-style-type: none;\">\n<p style=\"color: black;\">\u2022 AVALIA\u00c7\u00c3O ESPECIAL DE DESEMPENHO PARA FINS DE EST\u00c1GIO PROBAT\u00d3RIO &#8211; AVALIADO<\/p>\n<\/li>\n<li style=\"list-style-type: none;\">\n<p style=\"color: black;\">\u2022 AVALIA\u00c7\u00c3O DE DESEMPENHO &#8211; AVALIADO<\/p>\n<\/li>\n<li style=\"list-style-type: none;\">\n<p style=\"color: black;\">\u2022 EXCEL &#8211; M\u00d3DULO I<\/p>\n<\/li>\n<li style=\"list-style-type: none;\">\n<p style=\"color: black;\">\u2022 SISTEMAS ADMINISTRATIVOS &#8211; SAJADM &#8211; CPA<\/p>\n<\/li>\n<li style=\"list-style-type: none;\">\n<p style=\"color: black;\">\u2022 SISTEMAS ADMINISTRATIVOS &#8211; H\u00d3LOS<\/p>\n<\/li>\n<li style=\"list-style-type: none;\">\n<p style=\"color: black;\">\u2022 MICROSOFT WORD DESKTOP<\/p>\n<\/li>\n<li style=\"list-style-type: none;\">\n<p style=\"color: black;\">\u2022 MICROSOFT WORD ONLINE<\/p>\n<\/li>\n<li style=\"list-style-type: none;\">\n<p style=\"color: black;\">\u2022 T\u00c9CNICAS DE REDA\u00c7\u00c3O<\/p>\n<\/li>\n<li style=\"list-style-type: none;\">\n<p style=\"color: black;\">\u2022 LINGUAGEM SIMPLES<\/p>\n<\/li>\n<li style=\"list-style-type: none;\">\n<p style=\"color: black;\">\u2022 ATENDIMENTO AO P\u00daBLICO<\/p>\n<\/li>\n<li style=\"list-style-type: none;\">\n<p style=\"color: black;\">\u2022 MANUAL DE GESTOR<\/p>\n<\/li>\n<li style=\"list-style-type: none;\">\n<p style=\"color: black;\">\u2022 AVALIA\u00c7\u00c3O ESPECIAL DE DESEMPENHO PARA FINS DE EST\u00c1GIO PROBAT\u00d3RIO &#8211; AVALIADOR<\/p>\n<\/li>\n<li style=\"list-style-type: none;\">\n<p style=\"color: black;\">\u2022 AVALIA\u00c7\u00c3O DE DESEMPENHO &#8211; AVALIADOR<\/p>\n<\/li>\n<li style=\"list-style-type: none;\">\n<p style=\"color: black;\">\u2022 SUPERVISOR DE EST\u00c1GIO<\/p>\n<\/li>\n<li style=\"list-style-type: none;\">\n<p style=\"color: black;\">\u2022 GEST\u00c3O DE EQUIPE: H\u00cdBRIDA E REMOTA<\/p>\n<\/li>\n<li style=\"list-style-type: none;\">\n<p style=\"color: black;\">\u2022 GEST\u00c3O DE PROCEDIMENTO DE TRABALHO<\/p>\n<\/li>\n<li style=\"list-style-type: none;\">\n<p style=\"color: black;\">\u2022 CONFIGURAR OUTRA CONTA DE E-MAIL<\/p>\n<\/li>\n<li style=\"list-style-type: none;\">\n<p style=\"color: black;\">\u2022 VOIP<\/p>\n<\/li>\n<li style=\"list-style-type: none;\">\n<p style=\"color: black;\">\u2022 GEST\u00c3O DA UNIDADE 2.0<\/p>\n<\/li>\n<li style=\"list-style-type: none;\">\n<p style=\"color: black;\">\u2022 L\u00cdDER COACH<\/p>\n<\/li>\n<li style=\"list-style-type: none;\">\n<p style=\"color: black;\">\u2022 COMUNICA\u00c7\u00c3O N\u00c3O VIOLENTA<\/p>\n<\/li>\n<\/ol>\n<p style=\"text-align: center;\"><a href=\"https:\/\/www.tjsp.jus.br\/moodle\/livre\/course\/view.php?id=1119\" target=\"_blank\" rel=\"noopener\"><img loading=\"lazy\" decoding=\"async\" class=\"alignnone size-full wp-image-14015\" src=\"https:\/\/www.tjsp.jus.br\/moodle\/wp-content\/uploads\/2025\/10\/azul.png\" alt=\"\" width=\"250\" height=\"70\" \/><\/a><\/p>\n","protected":false},"excerpt":{"rendered":"<p>SERVIDORES Objetivo da Trilha Oferecer um percurso formativo b\u00e1sico para servidores(as) em \u00e1reas administrativas do TJSP, com foco em rotinas internas, sistemas de apoio e pr\u00e1ticas essenciais. P\u00fablico-alvo Servidores(as) que: \u2022 Est\u00e3o iniciando na \u00e1rea administrativa \u2022 Foram movimentados(as) para setores administrativos do TJSP \u2022 Atuam em apoio \u00e0 gest\u00e3o administrativa de unidades ou setores&hellip; <br \/> <a class=\"read-more\" href=\"https:\/\/www.tjsp.jus.br\/moodle\/?page_id=13868\">Leia mais<\/a><\/p>\n","protected":false},"author":2,"featured_media":14597,"parent":0,"menu_order":0,"comment_status":"closed","ping_status":"closed","template":"","meta":{"footnotes":""},"class_list":["post-13868","page","type-page","status-publish","has-post-thumbnail","hentry"],"_links":{"self":[{"href":"https:\/\/www.tjsp.jus.br\/moodle\/index.php?rest_route=\/wp\/v2\/pages\/13868","targetHints":{"allow":["GET"]}}],"collection":[{"href":"https:\/\/www.tjsp.jus.br\/moodle\/index.php?rest_route=\/wp\/v2\/pages"}],"about":[{"href":"https:\/\/www.tjsp.jus.br\/moodle\/index.php?rest_route=\/wp\/v2\/types\/page"}],"author":[{"embeddable":true,"href":"https:\/\/www.tjsp.jus.br\/moodle\/index.php?rest_route=\/wp\/v2\/users\/2"}],"replies":[{"embeddable":true,"href":"https:\/\/www.tjsp.jus.br\/moodle\/index.php?rest_route=%2Fwp%2Fv2%2Fcomments&post=13868"}],"version-history":[{"count":38,"href":"https:\/\/www.tjsp.jus.br\/moodle\/index.php?rest_route=\/wp\/v2\/pages\/13868\/revisions"}],"predecessor-version":[{"id":14708,"href":"https:\/\/www.tjsp.jus.br\/moodle\/index.php?rest_route=\/wp\/v2\/pages\/13868\/revisions\/14708"}],"wp:featuredmedia":[{"embeddable":true,"href":"https:\/\/www.tjsp.jus.br\/moodle\/index.php?rest_route=\/wp\/v2\/media\/14597"}],"wp:attachment":[{"href":"https:\/\/www.tjsp.jus.br\/moodle\/index.php?rest_route=%2Fwp%2Fv2%2Fmedia&parent=13868"}],"curies":[{"name":"wp","href":"https:\/\/api.w.org\/{rel}","templated":true}]}}