{"id":13919,"date":"2025-10-30T18:50:13","date_gmt":"2025-10-30T21:50:13","guid":{"rendered":"https:\/\/www.tjsp.jus.br\/moodle\/?page_id=13919"},"modified":"2025-12-11T15:51:48","modified_gmt":"2025-12-11T18:51:48","slug":"cartorio-1-grau","status":"publish","type":"page","link":"https:\/\/www.tjsp.jus.br\/moodle\/?page_id=13919","title":{"rendered":"Trilha &#8211; Cart\u00f3rio &#8211; 1\u00ba Grau"},"content":{"rendered":"<h3><span style=\"color: #454545;\"><strong>SERVIDORES<\/strong><\/span><\/h3>\n<hr \/>\n<p style=\"color: black;\"><span style=\"color: #630691;\"><strong>Objetivo da Trilha<br \/>\n<\/strong><\/span>Oferecer um percurso formativo b\u00e1sico e estrat\u00e9gico para servidores(as) lotados(as) em cart\u00f3rios judiciais de 1\u00ba grau do TJSP, com foco nas rotinas cartor\u00e1rias, sistemas judiciais, pr\u00e1ticas processuais e compet\u00eancias essenciais para garantir a efici\u00eancia, a seguran\u00e7a jur\u00eddica e a qualidade da presta\u00e7\u00e3o jurisdicional.<\/p>\n<p style=\"color: black;\"><span style=\"color: #630691;\"><strong>P\u00fablico-alvo<br \/>\n<\/strong><\/span>Servidores(as) que:<\/p>\n<ol>\n<li style=\"list-style-type: none;\">\n<p style=\"color: black;\">\u2022 Est\u00e3o iniciando exerc\u00edcio no TJSP e foram lotados(as) em unidades cartor\u00e1rias de 1\u00ba grau<\/p>\n<\/li>\n<li style=\"list-style-type: none;\">\n<p style=\"color: black;\">\u2022 Foram movimentados(as) para unidades cartor\u00e1rias de 1\u00ba grau<\/p>\n<\/li>\n<li style=\"list-style-type: none;\">\n<p style=\"color: black;\">\u2022 Est\u00e3o lotados em unidades cartor\u00e1rias de 1\u00ba grau<\/p>\n<\/li>\n<\/ol>\n<p style=\"color: black;\"><span style=\"color: #630691;\"><strong>Conte\u00fado<\/strong><\/span><\/p>\n<ol>\n<li style=\"list-style-type: none;\">\n<p style=\"color: black;\">\u2022 MANUAL DO SERVIDOR PARA ASSUNTOS ADMINISTRATIVOS<\/p>\n<\/li>\n<li style=\"list-style-type: none;\">\n<p style=\"color: black;\">\u2022 AVALIA\u00c7\u00c3O ESPECIAL DE DESEMPENHO PARA FINS DE EST\u00c1GIO PROBAT\u00d3RIO &#8211; AVALIADO<\/p>\n<\/li>\n<li style=\"list-style-type: none;\">\n<p style=\"color: black;\">\u2022 AVALIA\u00c7\u00c3O DE DESEMPENHO &#8211; AVALIADO<\/p>\n<\/li>\n<li style=\"list-style-type: none;\">\n<p style=\"color: black;\">\u2022 ATENDIMENTO AO P\u00daBLICO<\/p>\n<\/li>\n<li style=\"list-style-type: none;\">\n<p style=\"color: black;\">\u2022 BALC\u00c3O VIRTUAL<\/p>\n<\/li>\n<li style=\"list-style-type: none;\">\n<p style=\"color: black;\">\u2022 T\u00c9CNICAS DE REDA\u00c7\u00c3O<\/p>\n<\/li>\n<li style=\"list-style-type: none;\">\n<p style=\"color: black;\">\u2022 LINGUAGEM SIMPLES<\/p>\n<\/li>\n<li style=\"list-style-type: none;\">\n<p style=\"color: black;\">\u2022 FERRAMENTAS MICROSOFT &#8211; OUTLOOK<\/p>\n<\/li>\n<li style=\"list-style-type: none;\">\n<p style=\"color: black;\">\u2022 FERRAMENTAS MICROSOFT &#8211; ONEDRIVE<\/p>\n<\/li>\n<li style=\"list-style-type: none;\">\n<p style=\"color: black;\">\u2022 SAJ\/PG &#8211; CARTA PRECAT\u00d3RIA ELETR\u00d4NICA<\/p>\n<\/li>\n<li style=\"list-style-type: none;\">\n<p style=\"color: black;\">\u2022 C\u00c1LCULO DE CUSTAS, TAXAS E DESPESAS PROCESSUAIS<\/p>\n<\/li>\n<li style=\"list-style-type: none;\">\n<p style=\"color: black;\">\u2022 C\u00c1LCULO E CUSTAS PROCESSUAIS &#8211; PROVIMENTO CSM n\u00ba 2676\/2022<\/p>\n<\/li>\n<li style=\"list-style-type: none;\">\n<p style=\"color: black;\">\u2022 CONFER\u00caNCIA DE CUSTAS E ATUALIZA\u00c7\u00c3O MONET\u00c1RIA<\/p>\n<\/li>\n<li style=\"list-style-type: none;\">\n<p style=\"color: black;\">\u2022 COBRAN\u00c7A &#8211; TAXA JUDICI\u00c1RIA &#8211; INTEGRA\u00c7\u00c3O PGE<\/p>\n<\/li>\n<li style=\"list-style-type: none;\">\n<p style=\"color: black;\">\u2022 DEPRE &#8211; DIRETORIA DE EXECU\u00c7\u00d5ES DE PRECAT\u00d3RIOS E C\u00c1LCULOS<\/p>\n<\/li>\n<li style=\"list-style-type: none;\">\n<p style=\"color: black;\">\u2022 SAJ\/PG &#8211; GUIA DARE &#8211; INCLUIR, ALTERAR OU EXCLUIR<\/p>\n<\/li>\n<li style=\"list-style-type: none;\">\n<p style=\"color: black;\">\u2022 PORTAL DE CUSTAS<\/p>\n<\/li>\n<li style=\"list-style-type: none;\">\n<p style=\"color: black;\">\u2022 PETICIONAMENTO ELETR\u00d4NICO &#8211; CARTA PRECAT\u00d3RIA A OUTROS TRIBUNAIS<\/p>\n<\/li>\n<li style=\"list-style-type: none;\">\n<p style=\"color: black;\">\u2022 PESQUISA JUD<\/p>\n<\/li>\n<li style=\"list-style-type: none;\">\n<p style=\"color: black;\">\u2022 SGDAU &#8211; SISTEMA GERENCIADOR DE DOCUMENTA\u00c7\u00c3O E ARQUIVO UNIFICADO<\/p>\n<\/li>\n<li style=\"list-style-type: none;\">\n<p style=\"color: black;\">\u2022 SAJ\/PG &#8211; CENTRAL DE MANDADOS COMPARTILHADA<\/p>\n<\/li>\n<li style=\"list-style-type: none;\">\n<p style=\"color: black;\">\u2022 SAJ\/PG &#8211; REGISTROS P\u00daBLICOS<\/p>\n<\/li>\n<li style=\"list-style-type: none;\">\n<p style=\"color: black;\">\u2022 SAJ\/PG &#8211; CEJUSC<\/p>\n<\/li>\n<li style=\"list-style-type: none;\">\n<p style=\"color: black;\">\u2022 SAJ\/PG &#8211; PRECAT\u00d3RIO E RPV<\/p>\n<\/li>\n<li style=\"list-style-type: none;\">\n<p style=\"color: black;\">\u2022 SAJ\/PG &#8211; OFICIAL DE JUSTI\u00c7A<\/p>\n<\/li>\n<li style=\"list-style-type: none;\">\n<p style=\"color: black;\">\u2022 SAJ\/PG &#8211; JUIZADO ESPECIAL DA FAZENDA P\u00daBLICA<\/p>\n<\/li>\n<li style=\"list-style-type: none;\">\n<p style=\"color: black;\">\u2022 SAJ\/PG &#8211; JUIZADO ESPECIAL CRIMINAL<\/p>\n<\/li>\n<li style=\"list-style-type: none;\">\n<p style=\"color: black;\">\u2022 SAJ\/PG &#8211; JUIZADO ESPECIAL C\u00cdVEL<\/p>\n<\/li>\n<li style=\"list-style-type: none;\">\n<p style=\"color: black;\">\u2022 SAJ\/PG &#8211; INF\u00c2NCIA E JUVENTUDE INFRACIONAL<\/p>\n<\/li>\n<li style=\"list-style-type: none;\">\n<p style=\"color: black;\">\u2022 SAJ\/PG &#8211; FAZENDA P\u00daBLICA E PRECAT\u00d3RIOS<\/p>\n<\/li>\n<li style=\"list-style-type: none;\">\n<p style=\"color: black;\">\u2022 SAJ\/PG &#8211; FAM\u00cdLIA E SUCESS\u00d5ES<\/p>\n<\/li>\n<li style=\"list-style-type: none;\">\n<p style=\"color: black;\">\u2022 SAJ\/PG &#8211; FAL\u00caNCIA E RECUPERA\u00c7\u00d5ES<\/p>\n<\/li>\n<li style=\"list-style-type: none;\">\n<p style=\"color: black;\">\u2022 SAJ\/PG &#8211; EXECU\u00c7\u00c3O FISCAL<\/p>\n<\/li>\n<li style=\"list-style-type: none;\">\n<p style=\"color: black;\">\u2022 SAJ\/PG &#8211; EXECU\u00c7\u00c3O CRIMINAL &#8211; M\u00d3DULO I<\/p>\n<\/li>\n<li style=\"list-style-type: none;\">\n<p style=\"color: black;\">\u2022 SAJ\/PG &#8211; C\u00cdVEL<\/p>\n<\/li>\n<li style=\"list-style-type: none;\">\n<p style=\"color: black;\">\u2022 SAJ\/PG &#8211; ACIDENTE DO TRABALHO<\/p>\n<\/li>\n<li style=\"list-style-type: none;\">\n<p style=\"color: black;\">\u2022 SAJ\/PG &#8211; EXECU\u00c7\u00c3O CRIMINAL &#8211; M\u00d3DULO II<\/p>\n<\/li>\n<li style=\"list-style-type: none;\">\n<p style=\"color: black;\">\u2022 SAJ\/PG &#8211; VIOL\u00caNCIA DOM\u00c9STICA<\/p>\n<\/li>\n<li style=\"list-style-type: none;\">\n<p style=\"color: black;\">\u2022 SAJ\/PG &#8211; J\u00daRI<\/p>\n<\/li>\n<li style=\"list-style-type: none;\">\n<p style=\"color: black;\">\u2022 SAJ\/PG &#8211; CRIMINAL<\/p>\n<\/li>\n<li style=\"list-style-type: none;\">\n<p style=\"color: black;\">\u2022 SAJ\/PG &#8211; DISTRIBUIDOR<\/p>\n<\/li>\n<li style=\"list-style-type: none;\">\n<p style=\"color: black;\">\u2022 SAJ\/PG &#8211; CORREGEDORIA DOS PRES\u00cdDIOS<\/p>\n<\/li>\n<li style=\"list-style-type: none;\">\n<p style=\"color: black;\">\u2022 SAJ\/PG \u2013 INF\u00c2NCIA E JUVENTUDE PROTETIVA<\/p>\n<\/li>\n<li style=\"list-style-type: none;\">\n<p style=\"color: black;\">\u2022 EPROC PARA CART\u00d3RIO &#8211; B\u00c1SICO<\/p>\n<\/li>\n<li style=\"list-style-type: none;\">\n<p style=\"color: black;\">\u2022 EPROC PARA CART\u00d3RIO \u2013 INTERMEDI\u00c1RIO<\/p>\n<\/li>\n<li style=\"list-style-type: none;\">\n<p style=\"color: black;\">\u2022 UPJ &#8211; UNIDADE DE PROCESSAMENTO JUDICIAL &#8211; C\u00cdVEL<\/p>\n<\/li>\n<li style=\"list-style-type: none;\">\n<p style=\"color: black;\">\u2022 UPJ &#8211; UNIDADE DE PROCESSAMENTO JUDICIAL \u2013 CRIMINAL<\/p>\n<\/li>\n<li style=\"list-style-type: none;\">\n<p style=\"color: black;\">\u2022 BNMP 3.0<\/p>\n<\/li>\n<\/ol>\n<p style=\"text-align: center;\"><a href=\"https:\/\/www.tjsp.jus.br\/moodle\/livre\/course\/view.php?id=1122\" target=\"_blank\" rel=\"noopener\"><img loading=\"lazy\" decoding=\"async\" class=\"alignnone size-full wp-image-14015\" src=\"https:\/\/www.tjsp.jus.br\/moodle\/wp-content\/uploads\/2025\/10\/rosa.png\" alt=\"\" width=\"250\" height=\"70\" \/><\/a><\/p>\n<h3><span style=\"color: #454545;\"><strong>GESTORES<\/strong><\/span><\/h3>\n<hr \/>\n<p style=\"color: black;\"><span style=\"color: #630691;\"><strong>Objetivo da Trilha<br \/>\n<\/strong><\/span>Oferecer um percurso formativo estrat\u00e9gico para gestores(as) lotados(as) em cart\u00f3rios judiciais de 1\u00ba grau do TJSP, com foco no desenvolvimento de compet\u00eancias t\u00e9cnicas, comportamentais e gerenciais voltadas \u00e0 lideran\u00e7a de equipes, \u00e0 gest\u00e3o de processos cartor\u00e1rios, ao uso de sistemas institucionais e \u00e0 promo\u00e7\u00e3o da efici\u00eancia, da conformidade e da qualidade na presta\u00e7\u00e3o jurisdicional.<\/p>\n<p style=\"color: black;\"><span style=\"color: #630691;\"><strong>P\u00fablico-alvo<br \/>\n<\/strong><\/span>Gestores(as) que:<\/p>\n<ol>\n<li style=\"list-style-type: none;\">\n<p style=\"color: black;\">\u2022 Est\u00e3o iniciando em cargos de gest\u00e3o em unidades cartor\u00e1rias de 1\u00ba grau<\/p>\n<\/li>\n<li style=\"list-style-type: none;\">\n<p style=\"color: black;\">\u2022 Est\u00e3o lotados em unidades cartor\u00e1rias de 1\u00ba grau<\/p>\n<\/li>\n<\/ol>\n<p style=\"color: black;\"><span style=\"color: #630691;\"><strong>Conte\u00fado<\/strong><\/span><\/p>\n<ol>\n<li style=\"list-style-type: none;\">\n<p style=\"color: black;\">\u2022 MANUAL DO SERVIDOR PARA ASSUNTOS ADMINISTRATIVOS<\/p>\n<\/li>\n<li style=\"list-style-type: none;\">\n<p style=\"color: black;\">\u2022 FERRAMENTAS MICROSOFT &#8211; OUTLOOK<\/p>\n<\/li>\n<li style=\"list-style-type: none;\">\n<p style=\"color: black;\">\u2022 FERRAMENTAS MICROSOFT &#8211; ONEDRIVE<\/p>\n<\/li>\n<li style=\"list-style-type: none;\">\n<p style=\"color: black;\">\u2022 AVALIA\u00c7\u00c3O ESPECIAL DE DESEMPENHO PARA FINS DE EST\u00c1GIO PROBAT\u00d3RIO &#8211; AVALIADO<\/p>\n<\/li>\n<li style=\"list-style-type: none;\">\n<p style=\"color: black;\">\u2022 AVALIA\u00c7\u00c3O DE DESEMPENHO &#8211; AVALIADO<\/p>\n<\/li>\n<li style=\"list-style-type: none;\">\n<p style=\"color: black;\">\u2022 SAJ\/PG &#8211; CENTRAL DE MANDADOS COMPARTILHADA<\/p>\n<\/li>\n<li style=\"list-style-type: none;\">\n<p style=\"color: black;\">\u2022 SAJ\/PG &#8211; REGISTROS P\u00daBLICOS<\/p>\n<\/li>\n<li style=\"list-style-type: none;\">\n<p style=\"color: black;\">\u2022 SAJ\/PG &#8211; CEJUSC<\/p>\n<\/li>\n<li style=\"list-style-type: none;\">\n<p style=\"color: black;\">\u2022 SAJ\/PG &#8211; PRECAT\u00d3RIO E RPV<\/p>\n<\/li>\n<li style=\"list-style-type: none;\">\n<p style=\"color: black;\">\u2022 SAJ\/PG &#8211; OFICIAL DE JUSTI\u00c7A<\/p>\n<\/li>\n<li style=\"list-style-type: none;\">\n<p style=\"color: black;\">\u2022 SAJ\/PG &#8211; JUIZADO ESPECIAL DA FAZENDA P\u00daBLICA<\/p>\n<\/li>\n<li style=\"list-style-type: none;\">\n<p style=\"color: black;\">\u2022 SAJ\/PG &#8211; JUIZADO ESPECIAL CRIMINAL<\/p>\n<\/li>\n<li style=\"list-style-type: none;\">\n<p style=\"color: black;\">\u2022 SAJ\/PG &#8211; JUIZADO ESPECIAL C\u00cdVEL<\/p>\n<\/li>\n<li style=\"list-style-type: none;\">\n<p style=\"color: black;\">\u2022 SAJ\/PG &#8211; INF\u00c2NCIA E JUVENTUDE INFRACIONAL<\/p>\n<\/li>\n<li style=\"list-style-type: none;\">\n<p style=\"color: black;\">\u2022 SAJ\/PG &#8211; FAZENDA P\u00daBLICA E PRECAT\u00d3RIOS<\/p>\n<\/li>\n<li style=\"list-style-type: none;\">\n<p style=\"color: black;\">\u2022 SAJ\/PG &#8211; FAM\u00cdLIA E SUCESS\u00d5ES<\/p>\n<\/li>\n<li style=\"list-style-type: none;\">\n<p style=\"color: black;\">\u2022 SAJ\/PG &#8211; FAL\u00caNCIA E RECUPERA\u00c7\u00d5ES<\/p>\n<\/li>\n<li style=\"list-style-type: none;\">\n<p style=\"color: black;\">\u2022 SAJ\/PG &#8211; EXECU\u00c7\u00c3O FISCAL<\/p>\n<\/li>\n<li style=\"list-style-type: none;\">\n<p style=\"color: black;\">\u2022 SAJ\/PG &#8211; EXECU\u00c7\u00c3O CRIMINAL &#8211; M\u00d3DULO I<\/p>\n<\/li>\n<li style=\"list-style-type: none;\">\n<p style=\"color: black;\">\u2022 SAJ\/PG &#8211; C\u00cdVEL<\/p>\n<\/li>\n<li style=\"list-style-type: none;\">\n<p style=\"color: black;\">\u2022 SAJ\/PG &#8211; ACIDENTE DO TRABALHO<\/p>\n<\/li>\n<li style=\"list-style-type: none;\">\n<p style=\"color: black;\">\u2022 SAJ\/PG &#8211; EXECU\u00c7\u00c3O CRIMINAL &#8211; M\u00d3DULO II<\/p>\n<\/li>\n<li style=\"list-style-type: none;\">\n<p style=\"color: black;\">\u2022 SAJ\/PG &#8211; VIOL\u00caNCIA DOM\u00c9STICA<\/p>\n<\/li>\n<li style=\"list-style-type: none;\">\n<p style=\"color: black;\">\u2022 SAJ\/PG &#8211; J\u00daRI<\/p>\n<\/li>\n<li style=\"list-style-type: none;\">\n<p style=\"color: black;\">\u2022 SAJ\/PG &#8211; CRIMINAL<\/p>\n<\/li>\n<li style=\"list-style-type: none;\">\n<p style=\"color: black;\">\u2022 SAJ\/PG &#8211; DISTRIBUIDOR<\/p>\n<\/li>\n<li style=\"list-style-type: none;\">\n<p style=\"color: black;\">\u2022 SAJ\/PG &#8211; CORREGEDORIA DOS PRES\u00cdDIOS<\/p>\n<\/li>\n<li style=\"list-style-type: none;\">\n<p style=\"color: black;\">\u2022 SAJ\/PG \u2013 INF\u00c2NCIA E JUVENTUDE PROTETIVA<\/p>\n<\/li>\n<li style=\"list-style-type: none;\">\n<p style=\"color: black;\">\u2022 UPJ &#8211; UNIDADE DE PROCESSAMENTO JUDICIAL &#8211; C\u00cdVEL<\/p>\n<\/li>\n<li style=\"list-style-type: none;\">\n<p style=\"color: black;\">\u2022 UPJ &#8211; UNIDADE DE PROCESSAMENTO JUDICIAL \u2013 CRIMINAL<\/p>\n<\/li>\n<li style=\"list-style-type: none;\">\n<p style=\"color: black;\">\u2022 SAJ\/PG &#8211; CARTA PRECAT\u00d3RIA ELETR\u00d4NICA<\/p>\n<\/li>\n<li style=\"list-style-type: none;\">\n<p style=\"color: black;\">\u2022 ATENDIMENTO AO P\u00daBLICO<\/p>\n<\/li>\n<li style=\"list-style-type: none;\">\n<p style=\"color: black;\">\u2022 BALC\u00c3O VIRTUAL<\/p>\n<\/li>\n<li style=\"list-style-type: none;\">\n<p style=\"color: black;\">\u2022 C\u00c1LCULO DE CUSTAS, TAXAS E DESPESAS PROCESSUAIS<\/p>\n<\/li>\n<li style=\"list-style-type: none;\">\n<p style=\"color: black;\">\u2022 C\u00c1LCULO E CUSTAS PROCESSUAIS &#8211; PROVIMENTO CSM n\u00ba 2676\/2022<\/p>\n<\/li>\n<li style=\"list-style-type: none;\">\n<p style=\"color: black;\">\u2022 DEPRE &#8211; DIRETORIA DE EXECU\u00c7\u00d5ES DE PRECAT\u00d3RIOS E C\u00c1LCULOS<\/p>\n<\/li>\n<li style=\"list-style-type: none;\">\n<p style=\"color: black;\">\u2022 SAJ\/PG &#8211; CONTROLE DE PAGAMENTO DE CUSTAS<\/p>\n<\/li>\n<li style=\"list-style-type: none;\">\n<p style=\"color: black;\">\u2022 CONFER\u00caNCIA DE CUSTAS E ATUALIZA\u00c7\u00c3O MONET\u00c1RIA<\/p>\n<\/li>\n<li style=\"list-style-type: none;\">\n<p style=\"color: black;\">\u2022 COBRAN\u00c7A &#8211; TAXA JUDICI\u00c1RIA &#8211; INTEGRA\u00c7\u00c3O PGE<\/p>\n<\/li>\n<li style=\"list-style-type: none;\">\n<p style=\"color: black;\">\u2022 SAJ\/PG &#8211; GUIA DARE &#8211; INCLUIR, ALTERAR OU EXCLUIR<\/p>\n<\/li>\n<li style=\"list-style-type: none;\">\n<p style=\"color: black;\">\u2022 PORTAL DE CUSTAS<\/p>\n<\/li>\n<li style=\"list-style-type: none;\">\n<p style=\"color: black;\">\u2022 PETICIONAMENTO ELETR\u00d4NICO &#8211; CARTA PRECAT\u00d3RIA A OUTROS TRIBUNAIS<\/p>\n<\/li>\n<li style=\"list-style-type: none;\">\n<p style=\"color: black;\">\u2022 PESQUISA JUD<\/p>\n<\/li>\n<li style=\"list-style-type: none;\">\n<p style=\"color: black;\">\u2022 BNMP 3.0<\/p>\n<\/li>\n<li style=\"list-style-type: none;\">\n<p style=\"color: black;\">\u2022 T\u00c9CNICAS DE REDA\u00c7\u00c3O<\/p>\n<\/li>\n<li style=\"list-style-type: none;\">\n<p style=\"color: black;\">\u2022 LINGUAGEM SIMPLES<\/p>\n<\/li>\n<li style=\"list-style-type: none;\">\n<p style=\"color: black;\">\u2022 SGDAU &#8211; SISTEMA GERENCIADOR DE DOCUMENTA\u00c7\u00c3O E ARQUIVO UNIFICADO<\/p>\n<\/li>\n<li style=\"list-style-type: none;\">\n<p style=\"color: black;\">\u2022 MANUAL DE GESTOR<\/p>\n<\/li>\n<li style=\"list-style-type: none;\">\n<p style=\"color: black;\">\u2022 AVALIA\u00c7\u00c3O ESPECIAL DE DESEMPENHO PARA FINS DE EST\u00c1GIO PROBAT\u00d3RIO &#8211; AVALIADOR<\/p>\n<\/li>\n<li style=\"list-style-type: none;\">\n<p style=\"color: black;\">\u2022 AVALIA\u00c7\u00c3O DE DESEMPENHO &#8211; AVALIADOR<\/p>\n<\/li>\n<li style=\"list-style-type: none;\">\n<p style=\"color: black;\">\u2022 NOVO MOVJUD<\/p>\n<\/li>\n<li style=\"list-style-type: none;\">\n<p style=\"color: black;\">\u2022 SUPERVISOR DE EST\u00c1GIO<\/p>\n<\/li>\n<li style=\"list-style-type: none;\">\n<p style=\"color: black;\">\u2022 GEST\u00c3O DE EQUIPE: H\u00cdBRIDA E REMOTA<\/p>\n<\/li>\n<li style=\"list-style-type: none;\">\n<p style=\"color: black;\">\u2022 GEST\u00c3O DE PROCEDIMENTO DE TRABALHO<\/p>\n<\/li>\n<li style=\"list-style-type: none;\">\n<p style=\"color: black;\">\u2022 CONFIGURAR OUTRA CONTA DE E-MAIL<\/p>\n<\/li>\n<li style=\"list-style-type: none;\">\n<p style=\"color: black;\">\u2022 META 2 &#8211; PAINEL DE BI PARA ACOMPANHAMENTO<\/p>\n<\/li>\n<li style=\"list-style-type: none;\">\n<p style=\"color: black;\">\u2022 VOIP<\/p>\n<\/li>\n<li style=\"list-style-type: none;\">\n<p style=\"color: black;\">\u2022 GEST\u00c3O DA UNIDADE 2.0<\/p>\n<\/li>\n<li style=\"list-style-type: none;\">\n<p style=\"color: black;\">\u2022 L\u00cdDER COACH<\/p>\n<\/li>\n<li style=\"list-style-type: none;\">\n<p style=\"color: black;\">\u2022 COMUNICA\u00c7\u00c3O N\u00c3O VIOLENTA<\/p>\n<\/li>\n<li style=\"list-style-type: none;\">\n<p style=\"color: black;\">\u2022 PRODUTIVIDADE &#8211; SAJ\/PG5<\/p>\n<\/li>\n<li style=\"list-style-type: none;\">\n<p style=\"color: black;\">\u2022 EPROC PARA CART\u00d3RIO &#8211; B\u00c1SICO<\/p>\n<\/li>\n<li style=\"list-style-type: none;\">\n<p style=\"color: black;\">\u2022 EPROC PARA CART\u00d3RIO &#8211; INTERMEDI\u00c1RIO<\/p>\n<\/li>\n<li style=\"list-style-type: none;\">\n<p style=\"color: black;\">\u2022 EPROC PARA GESTOR DE CART\u00d3RIO<\/p>\n<\/li>\n<\/ol>\n<p style=\"text-align: center;\"><a href=\"https:\/\/www.tjsp.jus.br\/moodle\/livre\/course\/view.php?id=1125\" target=\"_blank\" rel=\"noopener\"><img loading=\"lazy\" decoding=\"async\" class=\"alignnone size-full wp-image-14015\" src=\"https:\/\/www.tjsp.jus.br\/moodle\/wp-content\/uploads\/2025\/10\/azul.png\" alt=\"\" width=\"250\" height=\"70\" \/><\/a><\/p>\n","protected":false},"excerpt":{"rendered":"<p>SERVIDORES Objetivo da Trilha Oferecer um percurso formativo b\u00e1sico e estrat\u00e9gico para servidores(as) lotados(as) em cart\u00f3rios judiciais de 1\u00ba grau do TJSP, com foco nas rotinas cartor\u00e1rias, sistemas judiciais, pr\u00e1ticas processuais e compet\u00eancias essenciais para garantir a efici\u00eancia, a seguran\u00e7a jur\u00eddica e a qualidade da presta\u00e7\u00e3o jurisdicional. P\u00fablico-alvo Servidores(as) que: \u2022 Est\u00e3o iniciando exerc\u00edcio no&hellip; <br \/> <a class=\"read-more\" href=\"https:\/\/www.tjsp.jus.br\/moodle\/?page_id=13919\">Leia mais<\/a><\/p>\n","protected":false},"author":2,"featured_media":14414,"parent":0,"menu_order":0,"comment_status":"closed","ping_status":"closed","template":"","meta":{"footnotes":""},"class_list":["post-13919","page","type-page","status-publish","has-post-thumbnail","hentry"],"_links":{"self":[{"href":"https:\/\/www.tjsp.jus.br\/moodle\/index.php?rest_route=\/wp\/v2\/pages\/13919","targetHints":{"allow":["GET"]}}],"collection":[{"href":"https:\/\/www.tjsp.jus.br\/moodle\/index.php?rest_route=\/wp\/v2\/pages"}],"about":[{"href":"https:\/\/www.tjsp.jus.br\/moodle\/index.php?rest_route=\/wp\/v2\/types\/page"}],"author":[{"embeddable":true,"href":"https:\/\/www.tjsp.jus.br\/moodle\/index.php?rest_route=\/wp\/v2\/users\/2"}],"replies":[{"embeddable":true,"href":"https:\/\/www.tjsp.jus.br\/moodle\/index.php?rest_route=%2Fwp%2Fv2%2Fcomments&post=13919"}],"version-history":[{"count":17,"href":"https:\/\/www.tjsp.jus.br\/moodle\/index.php?rest_route=\/wp\/v2\/pages\/13919\/revisions"}],"predecessor-version":[{"id":14738,"href":"https:\/\/www.tjsp.jus.br\/moodle\/index.php?rest_route=\/wp\/v2\/pages\/13919\/revisions\/14738"}],"wp:featuredmedia":[{"embeddable":true,"href":"https:\/\/www.tjsp.jus.br\/moodle\/index.php?rest_route=\/wp\/v2\/media\/14414"}],"wp:attachment":[{"href":"https:\/\/www.tjsp.jus.br\/moodle\/index.php?rest_route=%2Fwp%2Fv2%2Fmedia&parent=13919"}],"curies":[{"name":"wp","href":"https:\/\/api.w.org\/{rel}","templated":true}]}}