{"id":14,"date":"2019-08-06T11:40:51","date_gmt":"2019-08-06T14:40:51","guid":{"rendered":"http:\/\/10.98.192.61\/moodle\/index.php\/mesmerize\/"},"modified":"2026-04-14T15:59:43","modified_gmt":"2026-04-14T18:59:43","slug":"mesmerize","status":"publish","type":"page","link":"https:\/\/www.tjsp.jus.br\/moodle\/","title":{"rendered":"Front Page"},"content":{"rendered":"<div  id=\"features-10\" style=\"background-color: #f5fafd;\" data-label=\"Features\" data-id=\"features-16-card-bordered\" data-export-id=\"features-16-card-bordered\" data-category=\"features\" class=\"features-16-card-bordered content-section content-section-spacing\"><div  class=\"gridContainer\"> <div  class=\"row text-center\"><div  class=\"section-title-col\" data-type=\"column\"> <h2  class=\"\">Plataformas de Educa\u00e7\u00e3o a Dist\u00e2ncia<\/h2> <\/div> <\/div> <div  class=\"row spaced-cols center-sm content-center-sm\" data-type=\"row\"> <div  class=\"col-xs-12 col-sm-6 col-md-3 \"> <div  class=\"card no-padding bordered y-move\"> <a  data-cp-link=\"1\" href=\"https:\/\/www.tjsp.jus.br\/moodle\/sgp\" target=\"_blank\" class=\"\" rel=\"noopener noreferrer\"><img  decoding=\"async\" class=\"face\" src=\"https:\/\/www.tjsp.jus.br\/moodle\/wp-content\/uploads\/2025\/01\/sgp_2.jpg\" alt=\"\" title=\"cropped-moodle_sgp-1.jpg\"><\/a> <div  data-type=\"column\" class=\"col-padding-small col-padding-small-xs description-container\"> <h4  class=\"font-500\">SGP<\/h4> <p  class=\"\">Cursos de inicia\u00e7\u00e3o funcional, gest\u00e3o e aprimoramento das atividades cartor\u00e1rias <\/p><\/div> <div  data-type=\"column\" class=\"col-padding-small col-padding-small-xs read-more-container\"><a  class=\"read-more\" href=\"https:\/\/www.tjsp.jus.br\/moodle\/sgp\" target=\"_blank\" data-cp-link=\"1\" rel=\"noopener noreferrer\">Acesse<\/a><\/div> <\/div><\/div>   <div  class=\"col-xs-12 col-sm-6 col-md-3 \"> <div  class=\"card no-padding bordered y-move\"> <a  data-cp-link=\"1\" href=\"https:\/\/www.tjsp.jus.br\/moodle\/livre\" target=\"_blank\" rel=\"noopener noreferrer\"><img  decoding=\"async\" class=\"face\" src=\"https:\/\/www.tjsp.jus.br\/moodle\/wp-content\/uploads\/2025\/01\/livre_2.jpg\" alt=\"\" title=\"cropped-moodle_sgp-1.jpg\"><\/a> <div  data-type=\"column\" class=\"col-padding-small col-padding-small-xs description-container\"> <h4  class=\"font-500\">ACESSO LIVRE<\/h4> <p  class=\"\">Cursos, tutoriais, podcasts e webin\u00e1rios de diversos temas, acess\u00edveis a qualquer momento.<\/p><\/div> <div  data-type=\"column\" class=\"col-padding-small col-padding-small-xs read-more-container\"><a  class=\"read-more\" href=\"https:\/\/www.tjsp.jus.br\/moodle\/livre\" target=\"_blank\" data-cp-link=\"1\" rel=\"noopener noreferrer\">Acesse<\/a><\/div> <\/div><\/div><div  class=\"col-xs-12 col-sm-6 col-md-3\"> <div  class=\"card no-padding bordered y-move\"> <a  data-cp-link=\"1\" href=\"https:\/\/portal-eproc.trf4.jus.br\" target=\"_blank\" class=\"\" rel=\"noopener noreferrer\"><img  decoding=\"async\" class=\"face\" src=\"https:\/\/www.tjsp.jus.br\/moodle\/wp-content\/uploads\/2025\/07\/cropped-eproc_PN.jpg\" alt=\"\" title=\"cropped-moodle_sgp-1.jpg\"><\/a> <div  data-type=\"column\" class=\"col-padding-small col-padding-small-xs description-container\"> <h4  class=\"font-500\">PORTAL NACIONAL EPROC<\/h4> <p  class=\"\">Cursos e outros materiais de capacita\u00e7\u00e3o para o novo sistema judicial do TJSP.\r\n<\/p><\/div> <div  data-type=\"column\" class=\"col-padding-small col-padding-small-xs read-more-container\"><a  class=\"read-more\" href=\"https:\/\/portal-eproc.trf4.jus.br\" target=\"_blank\" data-cp-link=\"1\" rel=\"noopener noreferrer\">Acesse<\/a><\/div> <\/div><\/div><\/div><\/div> <\/div><div  data-label=\"Trilhas\" data-id=\"cta--1\" data-export-id=\"cta-blue-section\" data-category=\"cta\" class=\"cta-blue-section content-section content-section-spacing-medium bg-color1 white-text\" id=\"trilhas\" style=\"background-color: rgb(245, 250, 253); background-image: url(&quot;https:\/\/www.tjsp.jus.br\/moodle\/wp-content\/uploads\/2025\/11\/001.jpg&quot;); background-size: cover; background-position: center top;\"><div  class=\"gridContainer\"> <div  class=\"row middle-xs\"><div  class=\"col-sm-8 space-bottom-xs\" data-type=\"column\"> <h2  class=\"no-after\">Trilhas de Forma\u00e7\u00e3o e Aperfei\u00e7oamento<\/h2> <p  class=\"lead\">Jornada para uma capacita\u00e7\u00e3o integrada, pr\u00e1tica e aplicada ao trabalho<\/p><\/div> <div  class=\"col-sm-4 end-sm\" data-type=\"column\"> <a  class=\"button color2\" href=\"https:\/\/www.tjsp.jus.br\/moodle?page_id=13373\" target=\"_blank\" data-cp-link=\"1\">COMECE AGORA<\/a><\/div> <\/div><\/div> <\/div><div  data-label=\"Content\" data-id=\"content--1\" data-export-id=\"content-12\" data-category=\"content\" class=\"content-12 content-section content-section-spacing\" id=\"content-1\" style=\"background-color: rgb(245, 250, 253);\"><div  class=\"gridContainer\"> <div  class=\"row text-center\"><div  class=\"section-title-col\" data-type=\"column\"> <h2  class=\"\">Tutorial<\/h2> <p  class=\"lead\">Veja como navegar no Portal de Educa\u00e7\u00e3o Corporativa \u2013 TJSP<\/p><a  data-cp-link=\"1\" href=\"https:\/\/www.tjsp.jus.br\/moodle?page_id=12332\" class=\"\" target=\"_self\"><img  decoding=\"async\" class=\"custom-image\" src=\"https:\/\/www.tjsp.jus.br\/moodle\/wp-content\/uploads\/2025\/11\/cropped-thumb.jpg\" title=\"cropped-tutorial_banner.png\" alt=\"\"><\/a><\/div> <\/div> <div  class=\"row center-xs middle-xs\"> <div  class=\"col-sm-9\" data-type=\"column\"> <\/div> <\/div><\/div> <\/div><div  id=\"contato\" data-label=\"Contato\" data-id=\"contact-1\" data-export-id=\"contact-1\" data-category=\"contact\" class=\"contact-1 content-section content-section-spacing white-text\" data-parallax-depth=\"20\" style=\"background-image: url(&quot;https:\/\/www.tjsp.jus.br\/moodle\/wp-content\/uploads\/2025\/11\/AdobeStock_591060393-scaled.jpeg&quot;); background-size: cover; background-position: center top;\"><div  class=\"gridContainer\"> <div  class=\"row text-center\"><div  class=\"section-title-col\" data-type=\"column\"> <h2  class=\"\">Contato<\/h2> <p  class=\"lead\">Para mais informa\u00e7\u00f5es: capacitacao@tjsp.jus.br, ou envie abaixo suas sugest\u00f5es.<\/p><\/div> <\/div> <div  class=\"row text-center\"> <div  class=\"col-xs-12 col-sm-8 col-sm-offset-2 contact-form-wrapper inline-info\"> <div  class=\"card large-padding\"> <div  class=\"\" data-content-shortcode=\"mesmerize_contact_form shortcode=&quot;wpforms id=&amp;amp;quot;1149&amp;amp;quot; title=&amp;amp;quot;false&amp;amp;quot; description=&amp;amp;quot;false&amp;amp;quot;&quot;\" data-editable=\"true\"><div class=\"wpforms-container wpforms-container-full\" id=\"wpforms-1149\"><form id=\"wpforms-form-1149\" class=\"wpforms-validate wpforms-form\" data-formid=\"1149\" method=\"post\" enctype=\"multipart\/form-data\" action=\"\/moodle\/index.php?rest_route=%2Fwp%2Fv2%2Fpages%2F14\" data-token=\"7f5b472668c4a3c140eb1f3f983707f3\" data-token-time=\"1776790091\"><noscript class=\"wpforms-error-noscript\">Ative o JavaScript no seu navegador para preencher este formul\u00e1rio.<\/noscript><div class=\"wpforms-field-container\"><div id=\"wpforms-1149-field_0-container\" class=\"wpforms-field wpforms-field-name\" data-field-id=\"0\"><label class=\"wpforms-field-label\">Name <span class=\"wpforms-required-label\">*<\/span><\/label><div class=\"wpforms-field-row wpforms-field-large\"><div class=\"wpforms-field-row-block wpforms-first wpforms-one-half\"><input type=\"text\" id=\"wpforms-1149-field_0\" class=\"wpforms-field-name-first wpforms-field-required\" name=\"wpforms[fields][0][first]\" required><label for=\"wpforms-1149-field_0\" class=\"wpforms-field-sublabel after\">Nome<\/label><\/div><div class=\"wpforms-field-row-block wpforms-one-half\"><input type=\"text\" id=\"wpforms-1149-field_0-last\" class=\"wpforms-field-name-last wpforms-field-required\" name=\"wpforms[fields][0][last]\" required><label for=\"wpforms-1149-field_0-last\" class=\"wpforms-field-sublabel after\">Sobrenome<\/label><\/div><\/div><\/div><div id=\"wpforms-1149-field_1-container\" class=\"wpforms-field wpforms-field-email\" data-field-id=\"1\"><label class=\"wpforms-field-label\" for=\"wpforms-1149-field_1\">Email <span class=\"wpforms-required-label\">*<\/span><\/label><input type=\"email\" id=\"wpforms-1149-field_1\" class=\"wpforms-field-large wpforms-field-required\" data-rule-restricted-email=\"1\" name=\"wpforms[fields][1]\" spellcheck=\"false\" required><\/div><div id=\"wpforms-1149-field_2-container\" class=\"wpforms-field wpforms-field-textarea\" data-field-id=\"2\"><label class=\"wpforms-field-label\" for=\"wpforms-1149-field_2\">Coment\u00e1rios ou Mensagens <span class=\"wpforms-required-label\">*<\/span><\/label><textarea id=\"wpforms-1149-field_2\" class=\"wpforms-field-large wpforms-field-required\" name=\"wpforms[fields][2]\" required><\/textarea><\/div><\/div><!-- .wpforms-field-container --><div class=\"wpforms-field wpforms-field-hp\"><label for=\"wpforms-1149-field-hp\" class=\"wpforms-field-label\">Message<\/label><input type=\"text\" name=\"wpforms[hp]\" id=\"wpforms-1149-field-hp\" class=\"wpforms-field-medium\"><\/div><div class=\"wpforms-submit-container\" ><input type=\"hidden\" name=\"wpforms[id]\" value=\"1149\"><input type=\"hidden\" name=\"page_title\" value=\"\"><input type=\"hidden\" name=\"page_url\" value=\"https:\/\/www.tjsp.jus.br\/moodle\/index.php?rest_route=\/wp\/v2\/pages\/14\"><input type=\"hidden\" name=\"url_referer\" value=\"\"><button type=\"submit\" name=\"wpforms[submit]\" id=\"wpforms-submit-1149\" class=\"wpforms-submit button color1\" data-alt-text=\"Enviando...\" data-submit-text=\"Enviar\" aria-live=\"assertive\" value=\"wpforms-submit\">Enviar<\/button><\/div><\/form><\/div>  <!-- .wpforms-container --><\/div><\/div> <\/div><\/div> <\/div><\/div>","protected":false},"excerpt":{"rendered":"<p>Plataformas de Educa\u00e7\u00e3o a Dist\u00e2ncia SGP Cursos de inicia\u00e7\u00e3o funcional, gest\u00e3o e aprimoramento das atividades cartor\u00e1rias Acesse ACESSO LIVRE Cursos, tutoriais, podcasts e webin\u00e1rios de diversos temas, acess\u00edveis a qualquer momento. Acesse PORTAL NACIONAL EPROC Cursos e outros materiais de capacita\u00e7\u00e3o para o novo sistema judicial do TJSP. Acesse Trilhas de Forma\u00e7\u00e3o e Aperfei\u00e7oamento Jornada&hellip; <br \/> <a class=\"read-more\" href=\"https:\/\/www.tjsp.jus.br\/moodle\/\">Leia mais<\/a><\/p>\n","protected":false},"author":2,"featured_media":0,"parent":0,"menu_order":0,"comment_status":"closed","ping_status":"closed","template":"page-templates\/homepage.php","meta":{"footnotes":""},"class_list":["post-14","page","type-page","status-publish","hentry"],"_links":{"self":[{"href":"https:\/\/www.tjsp.jus.br\/moodle\/index.php?rest_route=\/wp\/v2\/pages\/14","targetHints":{"allow":["GET"]}}],"collection":[{"href":"https:\/\/www.tjsp.jus.br\/moodle\/index.php?rest_route=\/wp\/v2\/pages"}],"about":[{"href":"https:\/\/www.tjsp.jus.br\/moodle\/index.php?rest_route=\/wp\/v2\/types\/page"}],"author":[{"embeddable":true,"href":"https:\/\/www.tjsp.jus.br\/moodle\/index.php?rest_route=\/wp\/v2\/users\/2"}],"replies":[{"embeddable":true,"href":"https:\/\/www.tjsp.jus.br\/moodle\/index.php?rest_route=%2Fwp%2Fv2%2Fcomments&post=14"}],"version-history":[{"count":163,"href":"https:\/\/www.tjsp.jus.br\/moodle\/index.php?rest_route=\/wp\/v2\/pages\/14\/revisions"}],"predecessor-version":[{"id":14744,"href":"https:\/\/www.tjsp.jus.br\/moodle\/index.php?rest_route=\/wp\/v2\/pages\/14\/revisions\/14744"}],"wp:attachment":[{"href":"https:\/\/www.tjsp.jus.br\/moodle\/index.php?rest_route=%2Fwp%2Fv2%2Fmedia&parent=14"}],"curies":[{"name":"wp","href":"https:\/\/api.w.org\/{rel}","templated":true}]}}