{"id":14069,"date":"2025-10-31T13:10:46","date_gmt":"2025-10-31T16:10:46","guid":{"rendered":"https:\/\/www.tjsp.jus.br\/moodle\/?page_id=14069"},"modified":"2025-11-05T16:00:14","modified_gmt":"2025-11-05T19:00:14","slug":"gabinete-2o-grau","status":"publish","type":"page","link":"https:\/\/www.tjsp.jus.br\/moodle\/?page_id=14069","title":{"rendered":"Trilha &#8211; Gabinete &#8211; 2\u00ba Grau"},"content":{"rendered":"<p style=\"color: black;\"><strong><span style=\"color: #630691;\">Objetivo da Trilha<br \/>\n<\/span><\/strong>Oferecer um percurso formativo b\u00e1sico para servidores(as) lotados(as) em gabinetes de magistrados de 2\u00ba grau do TJSP, com foco no suporte t\u00e9cnico, sistemas judiciais aplicados \u00e0 segunda inst\u00e2ncia, pr\u00e1ticas de apoio \u00e0 atividade jurisdicional e compet\u00eancias essenciais para o desempenho eficiente e qualificado das atribui\u00e7\u00f5es no \u00e2mbito recursal.<\/p>\n<p style=\"color: black;\"><span style=\"color: #630691;\"><strong>P\u00fablico-alvo<br \/>\n<\/strong><\/span>Servidores(as) que:<\/p>\n<ol>\n<li style=\"list-style-type: none;\">\n<p style=\"color: black;\">\u2022 Est\u00e3o iniciando exerc\u00edcio no TJSP e foram lotados(as) em gabinetes de magistrados de 2\u00ba grau<\/p>\n<\/li>\n<li style=\"list-style-type: none;\">\n<p style=\"color: black;\">\u2022 Foram movimentados(as) para gabinetes de magistrados de 2\u00ba grau<\/p>\n<\/li>\n<li style=\"list-style-type: none;\">\n<p style=\"color: black;\">\u2022 Foram nomeados(as) para o cargo de Assistente Judici\u00e1rio ou Assistente Jur\u00eddico<\/p>\n<\/li>\n<li style=\"list-style-type: none;\">\n<p style=\"color: black;\">\u2022 Est\u00e3o lotados em gabinetes de magistrados de 2\u00ba grau<\/p>\n<\/li>\n<\/ol>\n<p style=\"color: black;\"><span style=\"color: #630691;\"><strong>Conte\u00fado<\/strong><\/span><\/p>\n<ol>\n<li style=\"list-style-type: none;\">\n<p style=\"color: black;\">\u2022 MANUAL DO SERVIDOR PARA ASSUNTOS ADMINISTRATIVOS<\/p>\n<\/li>\n<li style=\"list-style-type: none;\">\n<p style=\"color: black;\">\u2022 FERRAMENTAS MICROSOFT &#8211; OUTLOOK<\/p>\n<\/li>\n<li style=\"list-style-type: none;\">\n<p style=\"color: black;\">\u2022 FERRAMENTAS MICROSOFT &#8211; ONEDRIVE<\/p>\n<\/li>\n<li style=\"list-style-type: none;\">\n<p style=\"color: black;\">\u2022 AVALIA\u00c7\u00c3O ESPECIAL DE DESEMPENHO PARA FINS DE EST\u00c1GIO PROBAT\u00d3RIO &#8211; AVALIADO<\/p>\n<\/li>\n<li style=\"list-style-type: none;\">\n<p style=\"color: black;\">\u2022 AVALIA\u00c7\u00c3O DE DESEMPENHO &#8211; AVALIADO<\/p>\n<\/li>\n<li style=\"list-style-type: none;\">\n<p style=\"color: black;\">\u2022 SAJ\/SG &#8211; SE\u00c7\u00c3O DE DIREITO CRIMINAL &#8211; GABINETE<\/p>\n<\/li>\n<li style=\"list-style-type: none;\">\n<p style=\"color: black;\">\u2022 SAJ\/SG &#8211; SE\u00c7\u00c3O DE DIREITO P\u00daBLICO &#8211; GABINETE<\/p>\n<\/li>\n<li style=\"list-style-type: none;\">\n<p style=\"color: black;\">\u2022 SAJ\/SG &#8211; SE\u00c7\u00c3O DE DIREITO PRIVADO &#8211; GABINETE<\/p>\n<\/li>\n<li style=\"list-style-type: none;\">\n<p style=\"color: black;\">\u2022 SESS\u00c3O DE JULGAMENTO REMOTA<\/p>\n<\/li>\n<li style=\"list-style-type: none;\">\n<p style=\"color: black;\">\u2022 SAJ\/SG &#8211; JULGAMENTO VIRTUAL<\/p>\n<\/li>\n<li style=\"list-style-type: none;\">\n<p style=\"color: black;\">\u2022 SAJ\/SG &#8211; CONSULTA DE JURISPRUD\u00caNCIA<\/p>\n<\/li>\n<li style=\"list-style-type: none;\">\n<p style=\"color: black;\">\u2022 SESS\u00c3O DE JULGAMENTO REMOTA<\/p>\n<\/li>\n<li style=\"list-style-type: none;\">\n<p style=\"color: black;\">\u2022 T\u00c9CNICAS DE REDA\u00c7\u00c3O<\/p>\n<\/li>\n<li style=\"list-style-type: none;\">\n<p style=\"color: black;\">\u2022 LINGUAGEM SIMPLES<\/p>\n<\/li>\n<li style=\"list-style-type: none;\">\n<p style=\"color: black;\">\u2022 SAJ\/SG &#8211; ORIENTA\u00c7\u00c3O PARA GABINETE<\/p>\n<\/li>\n<li style=\"list-style-type: none;\">\n<p style=\"color: black;\">\u2022 SUPORTE ONLINE<\/p>\n<\/li>\n<li style=\"list-style-type: none;\">\n<p style=\"color: black;\">\u2022 VOIP<\/p>\n<\/li>\n<li style=\"list-style-type: none;\">\n<p style=\"color: black;\">\u2022 EPROC PARA GABINETE &#8211; B\u00c1SICO<\/p>\n<\/li>\n<li style=\"list-style-type: none;\">\n<p style=\"color: black;\">\u2022 EPROC PARA GABINETE \u2013 INTERMEDI\u00c1RIO<\/p>\n<\/li>\n<\/ol>\n<p style=\"text-align: center;\"><a href=\"https:\/\/www.tjsp.jus.br\/moodle\/livre\/course\/view.php?id=1131\" target=\"_blank\" rel=\"noopener\"><img loading=\"lazy\" decoding=\"async\" class=\"alignnone size-full wp-image-14015\" src=\"https:\/\/www.tjsp.jus.br\/moodle\/wp-content\/uploads\/2025\/10\/rosa.png\" alt=\"\" width=\"250\" height=\"70\" \/><\/a><\/p>\n","protected":false},"excerpt":{"rendered":"<p>Objetivo da Trilha Oferecer um percurso formativo b\u00e1sico para servidores(as) lotados(as) em gabinetes de magistrados de 2\u00ba grau do TJSP, com foco no suporte t\u00e9cnico, sistemas judiciais aplicados \u00e0 segunda inst\u00e2ncia, pr\u00e1ticas de apoio \u00e0 atividade jurisdicional e compet\u00eancias essenciais para o desempenho eficiente e qualificado das atribui\u00e7\u00f5es no \u00e2mbito recursal. P\u00fablico-alvo Servidores(as) que: \u2022&hellip; <br \/> <a class=\"read-more\" href=\"https:\/\/www.tjsp.jus.br\/moodle\/?page_id=14069\">Leia mais<\/a><\/p>\n","protected":false},"author":2,"featured_media":14627,"parent":0,"menu_order":0,"comment_status":"closed","ping_status":"closed","template":"","meta":{"footnotes":""},"class_list":["post-14069","page","type-page","status-publish","has-post-thumbnail","hentry"],"_links":{"self":[{"href":"https:\/\/www.tjsp.jus.br\/moodle\/index.php?rest_route=\/wp\/v2\/pages\/14069","targetHints":{"allow":["GET"]}}],"collection":[{"href":"https:\/\/www.tjsp.jus.br\/moodle\/index.php?rest_route=\/wp\/v2\/pages"}],"about":[{"href":"https:\/\/www.tjsp.jus.br\/moodle\/index.php?rest_route=\/wp\/v2\/types\/page"}],"author":[{"embeddable":true,"href":"https:\/\/www.tjsp.jus.br\/moodle\/index.php?rest_route=\/wp\/v2\/users\/2"}],"replies":[{"embeddable":true,"href":"https:\/\/www.tjsp.jus.br\/moodle\/index.php?rest_route=%2Fwp%2Fv2%2Fcomments&post=14069"}],"version-history":[{"count":8,"href":"https:\/\/www.tjsp.jus.br\/moodle\/index.php?rest_route=\/wp\/v2\/pages\/14069\/revisions"}],"predecessor-version":[{"id":14630,"href":"https:\/\/www.tjsp.jus.br\/moodle\/index.php?rest_route=\/wp\/v2\/pages\/14069\/revisions\/14630"}],"wp:featuredmedia":[{"embeddable":true,"href":"https:\/\/www.tjsp.jus.br\/moodle\/index.php?rest_route=\/wp\/v2\/media\/14627"}],"wp:attachment":[{"href":"https:\/\/www.tjsp.jus.br\/moodle\/index.php?rest_route=%2Fwp%2Fv2%2Fmedia&parent=14069"}],"curies":[{"name":"wp","href":"https:\/\/api.w.org\/{rel}","templated":true}]}}