{"id":14141,"date":"2025-11-03T11:31:18","date_gmt":"2025-11-03T14:31:18","guid":{"rendered":"https:\/\/www.tjsp.jus.br\/moodle\/?page_id=14141"},"modified":"2026-01-20T13:31:15","modified_gmt":"2026-01-20T16:31:15","slug":"trilha-setor-tecnico","status":"publish","type":"page","link":"https:\/\/www.tjsp.jus.br\/moodle\/?page_id=14141","title":{"rendered":"Trilha &#8211; Setor T\u00e9cnico"},"content":{"rendered":"<h3><strong>SERVIDORES<br \/>\n<\/strong><\/h3>\n<hr \/>\n<p style=\"color: black;\"><span style=\"color: #630691;\"><strong>Objetivo da Trilha<br \/>\n<\/strong><\/span>Oferecer um percurso formativo b\u00e1sico para servidores(as) lotados(as) nos setores t\u00e9cnicos do TJSP, que atuam como assistentes sociais ou psic\u00f3logos(as), com foco nas rotinas espec\u00edficas de sua \u00e1rea de especialidade, no uso de sistemas institucionais, nas pr\u00e1ticas interdisciplinares e nas compet\u00eancias essenciais para a elabora\u00e7\u00e3o de laudos, pareceres e demais atividades de apoio t\u00e9cnico qualificado \u00e0 atividade jurisdicional.<\/p>\n<p style=\"color: black;\"><span style=\"color: #630691;\"><strong>P\u00fablico-alvo:<br \/>\n<\/strong><\/span>Assistentes Sociais e Psic\u00f3logos que:<\/p>\n<ol>\n<li style=\"list-style-type: none;\">\n<p style=\"color: black;\">\u2022 Est\u00e3o iniciando exerc\u00edcio no TJSP<\/p>\n<\/li>\n<li style=\"list-style-type: none;\">\n<p style=\"color: black;\">\u2022 Atuam nos Setores T\u00e9cnicos<\/p>\n<\/li>\n<li style=\"list-style-type: none;\">\n<p style=\"color: black;\">\u2022 Est\u00e3o lotados em Varas e que prestam apoio t\u00e9cnico qualificado \u00e0 atividade jurisdicional<\/p>\n<\/li>\n<\/ol>\n<p style=\"color: black;\"><span style=\"color: #630691;\"><strong>Conte\u00fado<\/strong><\/span><\/p>\n<ol>\n<li style=\"list-style-type: none;\">\n<p style=\"color: black;\">\u2022 MANUAL DO SERVIDOR PARA ASSUNTOS ADMINISTRATIVOS<\/p>\n<\/li>\n<li style=\"list-style-type: none;\">\n<p style=\"color: black;\">\u2022 FERRAMENTAS MICROSOFT &#8211; OUTLOOK<\/p>\n<\/li>\n<li style=\"list-style-type: none;\">\n<p style=\"color: black;\">\u2022 FERRAMENTAS MICROSOFT &#8211; ONEDRIVE<\/p>\n<\/li>\n<li style=\"list-style-type: none;\">\n<p style=\"color: black;\">\u2022 AVALIA\u00c7\u00c3O ESPECIAL DE DESEMPENHO PARA FINS DE EST\u00c1GIO PROBAT\u00d3RIO &#8211; AVALIADO<\/p>\n<\/li>\n<li style=\"list-style-type: none;\">\n<p style=\"color: black;\">\u2022 AVALIA\u00c7\u00c3O DE DESEMPENHO &#8211; AVALIADO<\/p>\n<\/li>\n<li style=\"list-style-type: none;\">\n<p style=\"color: black;\">\u2022 SAJ\/PG &#8211; ASSISTENTE SOCIAL E PSIC\u00d3LOGO JUDICI\u00c1RIOS<\/p>\n<\/li>\n<li style=\"list-style-type: none;\">\n<p style=\"color: black;\">\u2022 T\u00c9CNICAS DE REDA\u00c7\u00c3O<\/p>\n<\/li>\n<li style=\"list-style-type: none;\">\n<p style=\"color: black;\">\u2022 MICROSOFT WORD DESKTOP<\/p>\n<\/li>\n<li style=\"list-style-type: none;\">\n<p style=\"color: black;\">\u2022 MICROSOFT WORD ONLINE<\/p>\n<\/li>\n<li style=\"list-style-type: none;\">\n<p style=\"color: black;\">\u2022 LINGUAGEM SIMPLES<\/p>\n<\/li>\n<\/ol>\n<p style=\"text-align: center;\"><a href=\"https:\/\/www.tjsp.jus.br\/moodle\/livre\/course\/view.php?id=1146\" target=\"_blank\" rel=\"noopener\"><img loading=\"lazy\" decoding=\"async\" class=\"alignnone size-full wp-image-14015\" src=\"https:\/\/www.tjsp.jus.br\/moodle\/wp-content\/uploads\/2025\/10\/rosa.png\" alt=\"\" width=\"250\" height=\"70\" \/><\/a><\/p>\n<h3><strong>GESTORES<br \/>\n<\/strong><\/h3>\n<hr \/>\n<p style=\"color: black;\"><span style=\"color: #630691;\"><strong>Objetivo da Trilha<br \/>\n<\/strong><\/span>Oferecer um percurso formativo estrat\u00e9gico para gestores(as) lotados(as) nos setores t\u00e9cnicos de Psicologia e Servi\u00e7o Social do TJSP, com foco no desenvolvimento de compet\u00eancias t\u00e9cnicas, comportamentais e gerenciais voltadas \u00e0 lideran\u00e7a de equipes multiprofissionais, \u00e0 organiza\u00e7\u00e3o do trabalho t\u00e9cnico especializado e ao fortalecimento da atua\u00e7\u00e3o interdisciplinar no apoio \u00e0 atividade jurisdicional.<\/p>\n<p style=\"color: black;\"><strong><span style=\"color: #630691;\">P\u00fablico-alvo<br \/>\n<\/span><\/strong>Gestores(as) que:<\/p>\n<ol>\n<li style=\"list-style-type: none;\">\n<p style=\"color: black;\">\u2022 Est\u00e3o iniciando em cargos de gest\u00e3o em setores t\u00e9cnicos<\/p>\n<\/li>\n<li style=\"list-style-type: none;\">\n<p style=\"color: black;\">\u2022 Est\u00e3o lotados em setores t\u00e9cnicos<\/p>\n<\/li>\n<\/ol>\n<p style=\"color: black;\"><span style=\"color: #630691;\"><strong>Conte\u00fado<\/strong><\/span><\/p>\n<ol>\n<li style=\"list-style-type: none;\">\n<p style=\"color: black;\">\u2022 MANUAL DO SERVIDOR PARA ASSUNTOS ADMINISTRATIVOS<\/p>\n<\/li>\n<li style=\"list-style-type: none;\">\n<p style=\"color: black;\">\u2022 FERRAMENTAS MICROSOFT &#8211; OUTLOOK<\/p>\n<\/li>\n<li style=\"list-style-type: none;\">\n<p style=\"color: black;\">\u2022 FERRAMENTAS MICROSOFT &#8211; ONEDRIVE<\/p>\n<\/li>\n<li style=\"list-style-type: none;\">\n<p style=\"color: black;\">\u2022 AVALIA\u00c7\u00c3O ESPECIAL DE DESEMPENHO PARA FINS DE EST\u00c1GIO PROBAT\u00d3RIO &#8211; AVALIADO<\/p>\n<\/li>\n<li style=\"list-style-type: none;\">\n<p style=\"color: black;\">\u2022 AVALIA\u00c7\u00c3O DE DESEMPENHO &#8211; AVALIADO<\/p>\n<\/li>\n<li style=\"list-style-type: none;\">\n<p style=\"color: black;\">\u2022 SAJ\/PG &#8211; ASSISTENTE SOCIAL E PSIC\u00d3LOGO JUDICI\u00c1RIOS<\/p>\n<\/li>\n<li style=\"list-style-type: none;\">\n<p style=\"color: black;\">\u2022 MICROSOFT WORD DESKTOP<\/p>\n<\/li>\n<li style=\"list-style-type: none;\">\n<p style=\"color: black;\">\u2022 MICROSOFT WORD ONLINE<\/p>\n<\/li>\n<li style=\"list-style-type: none;\">\n<p style=\"color: black;\">\u2022 T\u00c9CNICAS DE REDA\u00c7\u00c3O<\/p>\n<\/li>\n<li style=\"list-style-type: none;\">\n<p style=\"color: black;\">\u2022 LINGUAGEM SIMPLES<\/p>\n<\/li>\n<li style=\"list-style-type: none;\">\n<p style=\"color: black;\">\u2022 MANUAL DE GESTOR<\/p>\n<\/li>\n<li style=\"list-style-type: none;\">\n<p style=\"color: black;\">\u2022 AVALIA\u00c7\u00c3O ESPECIAL DE DESEMPENHO PARA FINS DE EST\u00c1GIO PROBAT\u00d3RIO &#8211; AVALIADOR<\/p>\n<\/li>\n<li style=\"list-style-type: none;\">\n<p style=\"color: black;\">\u2022 AVALIA\u00c7\u00c3O DE DESEMPENHO &#8211; AVALIADOR<\/p>\n<\/li>\n<li style=\"list-style-type: none;\">\n<p style=\"color: black;\">\u2022 GEST\u00c3O DE EQUIPE: H\u00cdBRIDA E REMOTA<\/p>\n<\/li>\n<li style=\"list-style-type: none;\">\n<p style=\"color: black;\">\u2022 GEST\u00c3O DE PROCEDIMENTO DE TRABALHO<\/p>\n<\/li>\n<li style=\"list-style-type: none;\">\n<p style=\"color: black;\">\u2022 L\u00cdDER COACH<\/p>\n<\/li>\n<li style=\"list-style-type: none;\">\n<p style=\"color: black;\">\u2022 GEST\u00c3O DA UNIDADE 2.0<\/p>\n<\/li>\n<li style=\"list-style-type: none;\">\n<p style=\"color: black;\">\u2022 COMUNICA\u00c7\u00c3O N\u00c3O VIOLENTA<\/p>\n<\/li>\n<\/ol>\n<p style=\"text-align: center;\"><a href=\"https:\/\/www.tjsp.jus.br\/moodle\/livre\/course\/view.php?id=1149\" target=\"_blank\" rel=\"noopener\"><img loading=\"lazy\" decoding=\"async\" class=\"alignnone size-full wp-image-14015\" src=\"https:\/\/www.tjsp.jus.br\/moodle\/wp-content\/uploads\/2025\/10\/azul.png\" alt=\"\" width=\"250\" height=\"70\" \/><\/a><\/p>\n","protected":false},"excerpt":{"rendered":"<p>SERVIDORES Objetivo da Trilha Oferecer um percurso formativo b\u00e1sico para servidores(as) lotados(as) nos setores t\u00e9cnicos do TJSP, que atuam como assistentes sociais ou psic\u00f3logos(as), com foco nas rotinas espec\u00edficas de sua \u00e1rea de especialidade, no uso de sistemas institucionais, nas pr\u00e1ticas interdisciplinares e nas compet\u00eancias essenciais para a elabora\u00e7\u00e3o de laudos, pareceres e demais atividades&hellip; <br \/> <a class=\"read-more\" href=\"https:\/\/www.tjsp.jus.br\/moodle\/?page_id=14141\">Leia mais<\/a><\/p>\n","protected":false},"author":2,"featured_media":14585,"parent":0,"menu_order":0,"comment_status":"closed","ping_status":"closed","template":"","meta":{"footnotes":""},"class_list":["post-14141","page","type-page","status-publish","has-post-thumbnail","hentry"],"_links":{"self":[{"href":"https:\/\/www.tjsp.jus.br\/moodle\/index.php?rest_route=\/wp\/v2\/pages\/14141","targetHints":{"allow":["GET"]}}],"collection":[{"href":"https:\/\/www.tjsp.jus.br\/moodle\/index.php?rest_route=\/wp\/v2\/pages"}],"about":[{"href":"https:\/\/www.tjsp.jus.br\/moodle\/index.php?rest_route=\/wp\/v2\/types\/page"}],"author":[{"embeddable":true,"href":"https:\/\/www.tjsp.jus.br\/moodle\/index.php?rest_route=\/wp\/v2\/users\/2"}],"replies":[{"embeddable":true,"href":"https:\/\/www.tjsp.jus.br\/moodle\/index.php?rest_route=%2Fwp%2Fv2%2Fcomments&post=14141"}],"version-history":[{"count":9,"href":"https:\/\/www.tjsp.jus.br\/moodle\/index.php?rest_route=\/wp\/v2\/pages\/14141\/revisions"}],"predecessor-version":[{"id":14792,"href":"https:\/\/www.tjsp.jus.br\/moodle\/index.php?rest_route=\/wp\/v2\/pages\/14141\/revisions\/14792"}],"wp:featuredmedia":[{"embeddable":true,"href":"https:\/\/www.tjsp.jus.br\/moodle\/index.php?rest_route=\/wp\/v2\/media\/14585"}],"wp:attachment":[{"href":"https:\/\/www.tjsp.jus.br\/moodle\/index.php?rest_route=%2Fwp%2Fv2%2Fmedia&parent=14141"}],"curies":[{"name":"wp","href":"https:\/\/api.w.org\/{rel}","templated":true}]}}