{"id":14174,"date":"2025-11-03T12:12:43","date_gmt":"2025-11-03T15:12:43","guid":{"rendered":"https:\/\/www.tjsp.jus.br\/moodle\/?page_id=14174"},"modified":"2026-01-14T16:10:53","modified_gmt":"2026-01-14T19:10:53","slug":"trilha-sadm-oficial-de-justica","status":"publish","type":"page","link":"https:\/\/www.tjsp.jus.br\/moodle\/?page_id=14174","title":{"rendered":"Trilha &#8211; Central de Mandados e Oficiais de Justi\u00e7a"},"content":{"rendered":"<h3><strong>SERVIDORES<br \/>\n<\/strong><\/h3>\n<hr \/>\n<p style=\"color: black;\"><span style=\"color: #630691;\"><strong>Objetivo da Trilha<\/strong><\/span><strong><span style=\"color: #630691;\"><br \/>\n<\/span><\/strong>Oferecer um percurso formativo b\u00e1sico para servidores(as) lotados(as) na Se\u00e7\u00e3o Administrativa de Distribui\u00e7\u00e3o de Mandados (SADM) e Oficiais de Justi\u00e7a do TJSP, com foco nas rotinas administrativas e operacionais de distribui\u00e7\u00e3o e cumprimento de mandados, no uso de sistemas institucionais e nas compet\u00eancias essenciais para garantir a efetividade, a seguran\u00e7a e a conformidade dos atos processuais.<\/p>\n<p style=\"color: black;\"><strong><span style=\"color: #630691;\">P\u00fablico-alvo<br \/>\n<\/span><\/strong>Servidores(as) que:<\/p>\n<ol>\n<li style=\"list-style-type: none;\">\n<p style=\"color: black;\">\u2022 Est\u00e3o iniciando exerc\u00edcio no TJSP e foram lotados(as) nas Se\u00e7\u00f5es Administrativas de Distribui\u00e7\u00e3o de Mandados<\/p>\n<\/li>\n<li style=\"list-style-type: none;\">\n<p style=\"color: black;\">\u2022 Foram movimentados(as) para as Se\u00e7\u00f5es Administrativas de Distribui\u00e7\u00e3o de Mandados<\/p>\n<\/li>\n<li style=\"list-style-type: none;\">\n<p style=\"color: black;\">\u2022 S\u00e3o Oficiais de Justi\u00e7a em exerc\u00edcio<\/p>\n<\/li>\n<\/ol>\n<p style=\"color: black;\"><strong><span style=\"color: #630691;\">Conte\u00fado<\/span><\/strong><\/p>\n<ol>\n<li style=\"list-style-type: none;\">\n<p style=\"color: black;\">\u2022 MANUAL DO SERVIDOR PARA ASSUNTOS ADMINISTRATIVOS<\/p>\n<\/li>\n<li style=\"list-style-type: none;\">\n<p style=\"color: black;\">\u2022 FERRAMENTAS MICROSOFT &#8211; OUTLOOK<\/p>\n<\/li>\n<li style=\"list-style-type: none;\">\n<p style=\"color: black;\">\u2022 FERRAMENTAS MICROSOFT &#8211; ONEDRIVE<\/p>\n<\/li>\n<li style=\"list-style-type: none;\">\n<p style=\"color: black;\">\u2022 AVALIA\u00c7\u00c3O ESPECIAL DE DESEMPENHO PARA FINS DE EST\u00c1GIO PROBAT\u00d3RIO &#8211; AVALIADO<\/p>\n<\/li>\n<li style=\"list-style-type: none;\">\n<p style=\"color: black;\">\u2022 AVALIA\u00c7\u00c3O DE DESEMPENHO &#8211; AVALIADO<\/p>\n<\/li>\n<li style=\"list-style-type: none;\">\n<p style=\"color: black;\">\u2022 SAJ\/PG &#8211; OFICIAL DE JUSTI\u00c7A<\/p>\n<\/li>\n<li style=\"list-style-type: none;\">\n<p style=\"color: black;\">\u2022 SAJ\/PG &#8211; CENTRAL DE MANDADOS DIGITAL &#8211; OFICIAL DE JUSTI\u00c7A<\/p>\n<\/li>\n<li style=\"list-style-type: none;\">\n<p style=\"color: black;\">\u2022 SAJ\/PG &#8211; CENTRAL DE MANDADOS DIGITAL &#8211; CENTRAL DE MANDADOS<\/p>\n<\/li>\n<li style=\"list-style-type: none;\">\n<p style=\"color: black;\">\u2022 T\u00c9CNICAS DE REDA\u00c7\u00c3O<\/p>\n<\/li>\n<li style=\"list-style-type: none;\">\n<p style=\"color: black;\">\u2022 LINGUAGEM SIMPLES<\/p>\n<\/li>\n<li style=\"list-style-type: none;\">\n<p style=\"color: black;\">\u2022 ATENDIMENTO AO P\u00daBLICO<\/p>\n<\/li>\n<li style=\"list-style-type: none;\">\n<p style=\"color: black;\">\u2022 AUDI\u00caNCIA &#8211; AGENDAMENTO &#8211; FUNDA\u00c7\u00c3O CASA<\/p>\n<\/li>\n<li style=\"list-style-type: none;\">\n<p style=\"color: black;\">\u2022 AUDI\u00caNCIA VIRTUAL &#8211; AGENDAMENTO &#8211; SAP<\/p>\n<\/li>\n<li style=\"list-style-type: none;\">\n<p style=\"color: black;\">\u2022 MICROSOFT WORD DESKTOP<\/p>\n<\/li>\n<li style=\"list-style-type: none;\">\n<p style=\"color: black;\">\u2022 MICROSOFT WORD ONLINE<\/p>\n<\/li>\n<li style=\"list-style-type: none;\">\n<p style=\"color: black;\">\u2022 EPROC PARA OFICIAL DE JUSTI\u00c7A<\/p>\n<\/li>\n<li style=\"list-style-type: none;\">\n<p style=\"color: black;\">\u2022 EPROC PARA CENTRAL DE MANDADOS<\/p>\n<\/li>\n<\/ol>\n<p style=\"text-align: center;\"><a href=\"https:\/\/www.tjsp.jus.br\/moodle\/livre\/course\/view.php?id=1152\" target=\"_blank\" rel=\"noopener\"><img loading=\"lazy\" decoding=\"async\" class=\"alignnone size-full wp-image-14015\" src=\"https:\/\/www.tjsp.jus.br\/moodle\/wp-content\/uploads\/2025\/10\/rosa.png\" alt=\"\" width=\"250\" height=\"70\" \/><\/a><\/p>\n<p>&nbsp;<\/p>\n<h3><strong>GESTORES<br \/>\n<\/strong><\/h3>\n<hr \/>\n<p style=\"color: black;\"><span style=\"color: #630691;\"><strong>Objetivo da Trilha<br \/>\n<\/strong><\/span>Oferecer um percurso formativo estrat\u00e9gico para gestores(as) lotados(as) nas Se\u00e7\u00f5es Administrativas de Distribui\u00e7\u00e3o de Mandados (SADM), com foco no desenvolvimento de compet\u00eancias t\u00e9cnicas, comportamentais e gerenciais voltadas \u00e0 lideran\u00e7a de equipes, \u00e0 gest\u00e3o de processos, ao uso de sistemas institucionais e \u00e0 promo\u00e7\u00e3o da efici\u00eancia, da conformidade e da qualidade na presta\u00e7\u00e3o jurisdicional.<\/p>\n<p style=\"color: black;\"><strong><span style=\"color: #630691;\">P\u00fablico-alvo<br \/>\n<\/span><\/strong>Gestores(as) que:<\/p>\n<ol>\n<li style=\"list-style-type: none;\">\n<p style=\"color: black;\">\u2022 Est\u00e3o iniciando em cargos de gest\u00e3o nas Se\u00e7\u00f5es Administrativas de Distribui\u00e7\u00e3o de Mandados<br \/>\n\u2022 Est\u00e3o lotados em Se\u00e7\u00f5es Administrativas de Distribui\u00e7\u00e3o de Mandados<\/p>\n<\/li>\n<\/ol>\n<p style=\"color: black;\"><span style=\"color: #630691;\"><strong>Conte\u00fado<\/strong><\/span><\/p>\n<ol>\n<li style=\"list-style-type: none;\">\n<p style=\"color: black;\">\u2022 MANUAL DO SERVIDOR PARA ASSUNTOS ADMINISTRATIVOS<br \/>\n\u2022 FERRAMENTAS MICROSOFT \u2013 OUTLOOK<br \/>\n\u2022 FERRAMENTAS MICROSOFT \u2013 ONEDRIVE<br \/>\n\u2022 AVALIA\u00c7\u00c3O ESPECIAL DE DESEMPENHO PARA FINS DE EST\u00c1GIO PROBAT\u00d3RIO \u2013 AVALIADO<br \/>\n\u2022 AVALIA\u00c7\u00c3O DE DESEMPENHO \u2013 AVALIADO<br \/>\n\u2022 SAJ\/PG \u2013 OFICIAL DE JUSTI\u00c7A<br \/>\n\u2022 SAJ\/PG \u2013 CENTRAL DE MANDADOS DIGITAL \u2013 OFICIAL DE JUSTI\u00c7A<br \/>\n\u2022 SAJ\/PG \u2013 CENTRAL DE MANDADOS DIGITAL \u2013 CENTRAL DE MANDADOS<br \/>\n\u2022 T\u00c9CNICAS DE REDA\u00c7\u00c3O<br \/>\n\u2022 LINGUAGEM SIMPLES<br \/>\n\u2022 ATENDIMENTO AO P\u00daBLICO<br \/>\n\u2022 AUDI\u00caNCIA \u2013 AGENDAMENTO \u2013 FUNDA\u00c7\u00c3O CASA<br \/>\n\u2022 AUDI\u00caNCIA VIRTUAL \u2013 AGENDAMENTO \u2013 SAP<br \/>\n\u2022 MICROSOFT WORD DESKTOP<br \/>\n\u2022 MICROSOFT WORD ONLINE<br \/>\n\u2022 EPROC PARA OFICIAL DE JUSTI\u00c7A<br \/>\n\u2022 EPROC PARA CENTRAL DE MANDADOS<br \/>\n\u2022 MANUAL DE GESTOR<br \/>\n\u2022 AVALIA\u00c7\u00c3O ESPECIAL DE DESEMPENHO PARA FINS DE EST\u00c1GIO PROBAT\u00d3RIO \u2013 AVALIADOR<br \/>\n\u2022 AVALIA\u00c7\u00c3O DE DESEMPENHO \u2013 AVALIADOR<br \/>\n\u2022 SUPERVISOR DE EST\u00c1GIO<br \/>\n\u2022 GEST\u00c3O DE EQUIPE: H\u00cdBRIDA E REMOTA<br \/>\n\u2022 GEST\u00c3O DE PROCEDIMENTO DE TRABALHO<br \/>\n\u2022 CONFIGURAR OUTRA CONTA DE E-MAIL<br \/>\n\u2022 VOIP<br \/>\n\u2022 GEST\u00c3O DA UNIDADE 2.0<br \/>\n\u2022 L\u00cdDER COACH<br \/>\n\u2022 COMUNICA\u00c7\u00c3O N\u00c3O VIOLENTA<br \/>\n\u2022 PRODUTIVIDADE \u2013 SAJ\/PG5<br \/>\n\u2022 EPROC PARA GESTOR DE CART\u00d3RIO<\/p>\n<\/li>\n<\/ol>\n<p><a href=\"https:\/\/www.tjsp.jus.br\/moodle\/livre\/course\/view.php?id=1242\" target=\"_blank\" rel=\"noopener\"><img loading=\"lazy\" decoding=\"async\" class=\"aligncenter wp-image-14015 size-full\" src=\"https:\/\/www.tjsp.jus.br\/moodle\/wp-content\/uploads\/2025\/10\/azul.png\" alt=\"\" width=\"292\" height=\"73\" \/><\/a><\/p>\n","protected":false},"excerpt":{"rendered":"<p>SERVIDORES Objetivo da Trilha Oferecer um percurso formativo b\u00e1sico para servidores(as) lotados(as) na Se\u00e7\u00e3o Administrativa de Distribui\u00e7\u00e3o de Mandados (SADM) e Oficiais de Justi\u00e7a do TJSP, com foco nas rotinas administrativas e operacionais de distribui\u00e7\u00e3o e cumprimento de mandados, no uso de sistemas institucionais e nas compet\u00eancias essenciais para garantir a efetividade, a seguran\u00e7a e&hellip; <br \/> <a class=\"read-more\" href=\"https:\/\/www.tjsp.jus.br\/moodle\/?page_id=14174\">Leia mais<\/a><\/p>\n","protected":false},"author":2,"featured_media":14573,"parent":0,"menu_order":0,"comment_status":"closed","ping_status":"closed","template":"","meta":{"footnotes":""},"class_list":["post-14174","page","type-page","status-publish","has-post-thumbnail","hentry"],"_links":{"self":[{"href":"https:\/\/www.tjsp.jus.br\/moodle\/index.php?rest_route=\/wp\/v2\/pages\/14174","targetHints":{"allow":["GET"]}}],"collection":[{"href":"https:\/\/www.tjsp.jus.br\/moodle\/index.php?rest_route=\/wp\/v2\/pages"}],"about":[{"href":"https:\/\/www.tjsp.jus.br\/moodle\/index.php?rest_route=\/wp\/v2\/types\/page"}],"author":[{"embeddable":true,"href":"https:\/\/www.tjsp.jus.br\/moodle\/index.php?rest_route=\/wp\/v2\/users\/2"}],"replies":[{"embeddable":true,"href":"https:\/\/www.tjsp.jus.br\/moodle\/index.php?rest_route=%2Fwp%2Fv2%2Fcomments&post=14174"}],"version-history":[{"count":9,"href":"https:\/\/www.tjsp.jus.br\/moodle\/index.php?rest_route=\/wp\/v2\/pages\/14174\/revisions"}],"predecessor-version":[{"id":14789,"href":"https:\/\/www.tjsp.jus.br\/moodle\/index.php?rest_route=\/wp\/v2\/pages\/14174\/revisions\/14789"}],"wp:featuredmedia":[{"embeddable":true,"href":"https:\/\/www.tjsp.jus.br\/moodle\/index.php?rest_route=\/wp\/v2\/media\/14573"}],"wp:attachment":[{"href":"https:\/\/www.tjsp.jus.br\/moodle\/index.php?rest_route=%2Fwp%2Fv2%2Fmedia&parent=14174"}],"curies":[{"name":"wp","href":"https:\/\/api.w.org\/{rel}","templated":true}]}}