{"id":14189,"date":"2025-11-03T12:21:08","date_gmt":"2025-11-03T15:21:08","guid":{"rendered":"https:\/\/www.tjsp.jus.br\/moodle\/?page_id=14189"},"modified":"2026-03-24T14:55:34","modified_gmt":"2026-03-24T17:55:34","slug":"trilha-escrevente","status":"publish","type":"page","link":"https:\/\/www.tjsp.jus.br\/moodle\/?page_id=14189","title":{"rendered":"Trilha &#8211; Inicia\u00e7\u00e3o Funcional"},"content":{"rendered":"<p style=\"color: black;\"><strong><span style=\"color: #630691;\">Objetivo da Trilha<br \/>\n<\/span><\/strong>Oferecer um percurso formativo introdut\u00f3rio para servidores(as) rec\u00e9m-ingressantes no TJSP, com foco na ambienta\u00e7\u00e3o institucional, nos direitos e deveres funcionais, na estrutura organizacional do Tribunal, nos sistemas corporativos b\u00e1sicos e nas compet\u00eancias essenciais para o in\u00edcio da trajet\u00f3ria profissional no servi\u00e7o p\u00fablico com responsabilidade, \u00e9tica e alinhamento \u00e0s diretrizes institucionais.<\/p>\n<p style=\"color: black;\"><strong><span style=\"color: #630691;\">P\u00fablico-alvo: <\/span><\/strong>servidores que est\u00e3o iniciando exerc\u00edcio no TJSP<\/p>\n<h4 style=\"color: black; text-align: center; font-weight: bold;\"><span style=\"color: #3366ff;\"><strong><a style=\"color: #3366ff;\" href=\"https:\/\/www.tjsp.jus.br\/moodle\/?page_id=194\">Consulte o Calend\u00e1rio das turmas<\/a><\/strong><\/span><\/h4>\n<p style=\"text-align: center;\">\n","protected":false},"excerpt":{"rendered":"<p>Objetivo da Trilha Oferecer um percurso formativo introdut\u00f3rio para servidores(as) rec\u00e9m-ingressantes no TJSP, com foco na ambienta\u00e7\u00e3o institucional, nos direitos e deveres funcionais, na estrutura organizacional do Tribunal, nos sistemas corporativos b\u00e1sicos e nas compet\u00eancias essenciais para o in\u00edcio da trajet\u00f3ria profissional no servi\u00e7o p\u00fablico com responsabilidade, \u00e9tica e alinhamento \u00e0s diretrizes institucionais. P\u00fablico-alvo: servidores&hellip; <br \/> <a class=\"read-more\" href=\"https:\/\/www.tjsp.jus.br\/moodle\/?page_id=14189\">Leia mais<\/a><\/p>\n","protected":false},"author":2,"featured_media":14534,"parent":0,"menu_order":0,"comment_status":"closed","ping_status":"closed","template":"","meta":{"footnotes":""},"class_list":["post-14189","page","type-page","status-publish","has-post-thumbnail","hentry"],"_links":{"self":[{"href":"https:\/\/www.tjsp.jus.br\/moodle\/index.php?rest_route=\/wp\/v2\/pages\/14189","targetHints":{"allow":["GET"]}}],"collection":[{"href":"https:\/\/www.tjsp.jus.br\/moodle\/index.php?rest_route=\/wp\/v2\/pages"}],"about":[{"href":"https:\/\/www.tjsp.jus.br\/moodle\/index.php?rest_route=\/wp\/v2\/types\/page"}],"author":[{"embeddable":true,"href":"https:\/\/www.tjsp.jus.br\/moodle\/index.php?rest_route=\/wp\/v2\/users\/2"}],"replies":[{"embeddable":true,"href":"https:\/\/www.tjsp.jus.br\/moodle\/index.php?rest_route=%2Fwp%2Fv2%2Fcomments&post=14189"}],"version-history":[{"count":10,"href":"https:\/\/www.tjsp.jus.br\/moodle\/index.php?rest_route=\/wp\/v2\/pages\/14189\/revisions"}],"predecessor-version":[{"id":14855,"href":"https:\/\/www.tjsp.jus.br\/moodle\/index.php?rest_route=\/wp\/v2\/pages\/14189\/revisions\/14855"}],"wp:featuredmedia":[{"embeddable":true,"href":"https:\/\/www.tjsp.jus.br\/moodle\/index.php?rest_route=\/wp\/v2\/media\/14534"}],"wp:attachment":[{"href":"https:\/\/www.tjsp.jus.br\/moodle\/index.php?rest_route=%2Fwp%2Fv2%2Fmedia&parent=14189"}],"curies":[{"name":"wp","href":"https:\/\/api.w.org\/{rel}","templated":true}]}}