{"id":14210,"date":"2025-11-03T12:33:18","date_gmt":"2025-11-03T15:33:18","guid":{"rendered":"https:\/\/www.tjsp.jus.br\/moodle\/?page_id=14210"},"modified":"2025-11-05T15:15:22","modified_gmt":"2025-11-05T18:15:22","slug":"trilha-aposentadoria","status":"publish","type":"page","link":"https:\/\/www.tjsp.jus.br\/moodle\/?page_id=14210","title":{"rendered":"Trilha &#8211; Aposentadoria"},"content":{"rendered":"<p style=\"color: black;\"><strong><span style=\"color: #630691;\">Objetivo da Trilha<br \/>\n<\/span><\/strong>Oferecer um percurso formativo voltado a servidores(as) do TJSP que estejam pr\u00f3ximos de adquirir o direito \u00e0 aposentadoria ou que j\u00e1 o tenham atingido, com foco em orienta\u00e7\u00f5es sobre o regime de previd\u00eancia estadual, planejamento pessoal e profissional para a transi\u00e7\u00e3o, direitos previdenci\u00e1rios e a\u00e7\u00f5es de valoriza\u00e7\u00e3o da trajet\u00f3ria funcional.<\/p>\n<p style=\"color: black;\"><span style=\"color: #630691;\"><strong>P\u00fablico-alvo:<br \/>\n<\/strong><\/span>Servidores(as) que:<\/p>\n<ol>\n<li style=\"list-style-type: none;\">\n<p style=\"color: black;\">\u2022 J\u00e1 tenha adquirido o direito \u00e0 aposentadoria<\/p>\n<\/li>\n<li style=\"list-style-type: none;\">\n<p style=\"color: black;\"><span style=\"color: #000000;\">\u2022 Estejam pr\u00f3ximos de cumprir os requisitos para se aposentar<\/span><\/p>\n<\/li>\n<\/ol>\n<p style=\"color: black;\"><span style=\"color: #630691;\"><strong>Conte\u00fado<\/strong><\/span><\/p>\n<ol>\n<li style=\"list-style-type: none;\">\n<p style=\"color: black;\">\u2022 A APOSENTADORIA E A PENS\u00c3O POR MORTE NO REGIME DE PREVID\u00caNCIA SOCIAL DO ESTADO<\/p>\n<\/li>\n<li style=\"list-style-type: none;\">\n<p style=\"color: black;\">\u2022 PREVIS\u00c3O PARA APOSENTADORIA<\/p>\n<\/li>\n<li style=\"list-style-type: none;\">\n<p style=\"color: black;\">\u2022 PREPARA\u00c7\u00c3O PARA APOSENTADORIA<\/p>\n<\/li>\n<\/ol>\n<p style=\"text-align: center;\"><a href=\"https:\/\/www.tjsp.jus.br\/moodle\/livre\/course\/view.php?id=1086\" target=\"_blank\" rel=\"noopener\"><img loading=\"lazy\" decoding=\"async\" class=\"alignnone size-full wp-image-14015\" src=\"https:\/\/www.tjsp.jus.br\/moodle\/wp-content\/uploads\/2025\/10\/rosa.png\" alt=\"\" width=\"250\" height=\"70\" \/><\/a><\/p>\n","protected":false},"excerpt":{"rendered":"<p>Objetivo da Trilha Oferecer um percurso formativo voltado a servidores(as) do TJSP que estejam pr\u00f3ximos de adquirir o direito \u00e0 aposentadoria ou que j\u00e1 o tenham atingido, com foco em orienta\u00e7\u00f5es sobre o regime de previd\u00eancia estadual, planejamento pessoal e profissional para a transi\u00e7\u00e3o, direitos previdenci\u00e1rios e a\u00e7\u00f5es de valoriza\u00e7\u00e3o da trajet\u00f3ria funcional. P\u00fablico-alvo: Servidores(as)&hellip; <br \/> <a class=\"read-more\" href=\"https:\/\/www.tjsp.jus.br\/moodle\/?page_id=14210\">Leia mais<\/a><\/p>\n","protected":false},"author":2,"featured_media":14549,"parent":0,"menu_order":0,"comment_status":"closed","ping_status":"closed","template":"","meta":{"footnotes":""},"class_list":["post-14210","page","type-page","status-publish","has-post-thumbnail","hentry"],"_links":{"self":[{"href":"https:\/\/www.tjsp.jus.br\/moodle\/index.php?rest_route=\/wp\/v2\/pages\/14210","targetHints":{"allow":["GET"]}}],"collection":[{"href":"https:\/\/www.tjsp.jus.br\/moodle\/index.php?rest_route=\/wp\/v2\/pages"}],"about":[{"href":"https:\/\/www.tjsp.jus.br\/moodle\/index.php?rest_route=\/wp\/v2\/types\/page"}],"author":[{"embeddable":true,"href":"https:\/\/www.tjsp.jus.br\/moodle\/index.php?rest_route=\/wp\/v2\/users\/2"}],"replies":[{"embeddable":true,"href":"https:\/\/www.tjsp.jus.br\/moodle\/index.php?rest_route=%2Fwp%2Fv2%2Fcomments&post=14210"}],"version-history":[{"count":3,"href":"https:\/\/www.tjsp.jus.br\/moodle\/index.php?rest_route=\/wp\/v2\/pages\/14210\/revisions"}],"predecessor-version":[{"id":14552,"href":"https:\/\/www.tjsp.jus.br\/moodle\/index.php?rest_route=\/wp\/v2\/pages\/14210\/revisions\/14552"}],"wp:featuredmedia":[{"embeddable":true,"href":"https:\/\/www.tjsp.jus.br\/moodle\/index.php?rest_route=\/wp\/v2\/media\/14549"}],"wp:attachment":[{"href":"https:\/\/www.tjsp.jus.br\/moodle\/index.php?rest_route=%2Fwp%2Fv2%2Fmedia&parent=14210"}],"curies":[{"name":"wp","href":"https:\/\/api.w.org\/{rel}","templated":true}]}}